{"id":1095,"date":"2024-06-17T22:58:05","date_gmt":"2024-06-17T20:58:05","guid":{"rendered":"https:\/\/www.widespreadschool.eu\/el-projecte\/"},"modified":"2025-03-11T12:16:42","modified_gmt":"2025-03-11T11:16:42","slug":"el-projecte","status":"publish","type":"page","link":"https:\/\/www.widespreadschool.eu\/ca\/el-projecte\/","title":{"rendered":"EL PROJECTE"},"content":{"rendered":"\t\t<div data-elementor-type=\"wp-page\" data-elementor-id=\"1095\" class=\"elementor elementor-1095 elementor-15\" data-elementor-post-type=\"page\">\n\t\t\t\t<div class=\"elementor-element elementor-element-838eeff e-con-full e-flex e-con e-parent\" data-id=\"838eeff\" data-element_type=\"container\" data-e-type=\"container\" data-settings=\"{&quot;background_background&quot;:&quot;classic&quot;}\">\n\t\t<div class=\"elementor-element elementor-element-4cff412 e-con-full e-flex e-con e-child\" data-id=\"4cff412\" data-element_type=\"container\" data-e-type=\"container\" data-settings=\"{&quot;background_background&quot;:&quot;classic&quot;}\">\n\t\t\t\t<\/div>\n\t\t<div class=\"elementor-element elementor-element-d837462 e-flex e-con-boxed e-con e-child\" data-id=\"d837462\" data-element_type=\"container\" data-e-type=\"container\">\n\t\t\t\t\t<div class=\"e-con-inner\">\n\t\t\t\t<div class=\"elementor-element elementor-element-e37efee elementor-widget elementor-widget-heading\" data-id=\"e37efee\" data-element_type=\"widget\" data-e-type=\"widget\" data-widget_type=\"heading.default\">\n\t\t\t\t<div class=\"elementor-widget-container\">\n\t\t\t\t\t<h1 class=\"elementor-heading-title elementor-size-default\">EL PROJECTE<\/h1>\t\t\t\t<\/div>\n\t\t\t\t<\/div>\n\t\t\t\t\t<\/div>\n\t\t\t\t<\/div>\n\t\t\t\t<\/div>\n\t\t<div class=\"elementor-element elementor-element-a8917b5 e-flex e-con-boxed e-con e-parent\" data-id=\"a8917b5\" data-element_type=\"container\" data-e-type=\"container\" data-settings=\"{&quot;background_background&quot;:&quot;classic&quot;}\">\n\t\t\t\t\t<div class=\"e-con-inner\">\n\t\t<div class=\"elementor-element elementor-element-79a62c1 e-con-full e-flex e-con e-child\" data-id=\"79a62c1\" data-element_type=\"container\" data-e-type=\"container\">\n\t\t\t\t<div class=\"elementor-element elementor-element-6fd80ff elementor-widget elementor-widget-heading\" data-id=\"6fd80ff\" data-element_type=\"widget\" data-e-type=\"widget\" data-widget_type=\"heading.default\">\n\t\t\t\t<div class=\"elementor-widget-container\">\n\t\t\t\t\t<h2 class=\"elementor-heading-title elementor-size-default\">Widespread School<\/h2>\t\t\t\t<\/div>\n\t\t\t\t<\/div>\n\t\t\t\t<div class=\"elementor-element elementor-element-847358e elementor-widget elementor-widget-heading\" data-id=\"847358e\" data-element_type=\"widget\" data-e-type=\"widget\" data-widget_type=\"heading.default\">\n\t\t\t\t<div class=\"elementor-widget-container\">\n\t\t\t\t\t<div class=\"elementor-heading-title elementor-size-default\">Innovar enfocaments <br> docents fora de l'aula<\/div>\t\t\t\t<\/div>\n\t\t\t\t<\/div>\n\t\t\t\t<\/div>\n\t\t<div class=\"elementor-element elementor-element-5ce26b1 e-con-full elementor-hidden-mobile e-flex e-con e-child\" data-id=\"5ce26b1\" data-element_type=\"container\" data-e-type=\"container\">\n\t\t\t\t<\/div>\n\t\t\t\t\t<\/div>\n\t\t\t\t<\/div>\n\t\t<div class=\"elementor-element elementor-element-71f61eb e-flex e-con-boxed e-con e-parent\" data-id=\"71f61eb\" data-element_type=\"container\" data-e-type=\"container\" data-settings=\"{&quot;background_background&quot;:&quot;classic&quot;}\">\n\t\t\t\t\t<div class=\"e-con-inner\">\n\t\t\t\t<div class=\"elementor-element elementor-element-ad5a7b4 elementor-widget elementor-widget-text-editor\" data-id=\"ad5a7b4\" data-element_type=\"widget\" data-e-type=\"widget\" data-widget_type=\"text-editor.default\">\n\t\t\t\t<div class=\"elementor-widget-container\">\n\t\t\t\t\t\t\t\t\t<p>\u00c9s un projecte europeu finan\u00e7at pel programa Erasmus+ \u2013 Acci\u00f3 KA220. Dirigit pel municipi de Reggio Emilia a It\u00e0lia, inclou set socis amb diverses compet\u00e8ncies en el sector escolar i educatiu.<br \/>Tres socis d&#8217;It\u00e0lia: Municipi de Reggio Emilia, Reggio Children Foundation i Universitat de M\u00f2dena i Reggio Emilia; un soci de Cro\u00e0cia: la ciutat de Zadar; un soci de Finl\u00e0ndia: Saunalahti School; i dos socis d&#8217;Espanya: Escola Carme Auguet i l\u2019Institut de Recerca de la Universitat de Girona.<br \/>Aquest projecte neix de l&#8217;experi\u00e8ncia &#8220;<strong>Scuola Diffusa<\/strong>&#8220;, que va sorgir a Reggio Emilia durant la pand\u00e8mia de Covid-19 com a soluci\u00f3 d&#8217;emerg\u00e8ncia per promoure la represa de l&#8217;ensenyament presencial durant la crisi sanit\u00e0ria.<\/p>\n<p>Inspirant-se en aquest antecedent, el projecte pret\u00e9n transformar els m\u00e8todes d&#8217;ensenyament m\u00e9s enll\u00e0 de les aules tradicionals, promovent la integraci\u00f3 de l&#8217;enfocament de l&#8217;Educaci\u00f3 fora de l&#8217;aula (EOC) en els contextos educatius dels diferents socis participants,<strong> considerant les comunitats com a recursos educatius valuosos i enriquint els sistemes escolars<\/strong>. Els objectius principals inclouen millorar la qualitat de l&#8217;educaci\u00f3 prim\u00e0ria i secund\u00e0ria, refor\u00e7ar les compet\u00e8ncies del professorat i impactar positivament en els estudiants fomentant habilitats clau com el pensament cr\u00edtic i la creativitat.<\/p>\n\t\t\t\t\t\t\t\t<\/div>\n\t\t\t\t<\/div>\n\t\t\t\t\t<\/div>\n\t\t\t\t<\/div>\n\t\t<div class=\"elementor-element elementor-element-21cf891 e-flex e-con-boxed e-con e-parent\" data-id=\"21cf891\" data-element_type=\"container\" data-e-type=\"container\" data-settings=\"{&quot;background_background&quot;:&quot;classic&quot;}\">\n\t\t\t\t\t<div class=\"e-con-inner\">\n\t\t\t\t<div class=\"elementor-element elementor-element-d276032 elementor-widget__width-auto elementor-absolute elementor-widget elementor-widget-image\" data-id=\"d276032\" data-element_type=\"widget\" data-e-type=\"widget\" data-settings=\"{&quot;_position&quot;:&quot;absolute&quot;}\" data-widget_type=\"image.default\">\n\t\t\t\t<div class=\"elementor-widget-container\">\n\t\t\t\t\t\t\t\t\t\t\t\t\t\t\t<img fetchpriority=\"high\" decoding=\"async\" width=\"138\" height=\"502\" src=\"https:\/\/www.widespreadschool.eu\/wp-content\/uploads\/2024\/06\/Isolation_Mode-2.png\" class=\"attachment-large size-large wp-image-828\" alt=\"\" \/>\t\t\t\t\t\t\t\t\t\t\t\t\t\t\t<\/div>\n\t\t\t\t<\/div>\n\t\t\t\t<div class=\"elementor-element elementor-element-c030381 elementor-widget elementor-widget-image\" data-id=\"c030381\" data-element_type=\"widget\" data-e-type=\"widget\" data-widget_type=\"image.default\">\n\t\t\t\t<div class=\"elementor-widget-container\">\n\t\t\t\t\t\t\t\t\t\t\t\t\t\t\t<img decoding=\"async\" width=\"1197\" height=\"373\" src=\"https:\/\/www.widespreadschool.eu\/wp-content\/uploads\/2024\/06\/shutterstock_559448341-1.jpg\" class=\"attachment-full size-full wp-image-711\" alt=\"\" srcset=\"https:\/\/www.widespreadschool.eu\/wp-content\/uploads\/2024\/06\/shutterstock_559448341-1.jpg 1197w, https:\/\/www.widespreadschool.eu\/wp-content\/uploads\/2024\/06\/shutterstock_559448341-1-300x93.jpg 300w, https:\/\/www.widespreadschool.eu\/wp-content\/uploads\/2024\/06\/shutterstock_559448341-1-1024x319.jpg 1024w, https:\/\/www.widespreadschool.eu\/wp-content\/uploads\/2024\/06\/shutterstock_559448341-1-768x239.jpg 768w\" sizes=\"(max-width: 1197px) 100vw, 1197px\" \/>\t\t\t\t\t\t\t\t\t\t\t\t\t\t\t<\/div>\n\t\t\t\t<\/div>\n\t\t\t\t\t<\/div>\n\t\t\t\t<\/div>\n\t\t<div class=\"elementor-element elementor-element-86190b9 e-flex e-con-boxed e-con e-parent\" data-id=\"86190b9\" data-element_type=\"container\" data-e-type=\"container\" data-settings=\"{&quot;background_background&quot;:&quot;classic&quot;}\">\n\t\t\t\t\t<div class=\"e-con-inner\">\n\t\t\t\t<div class=\"elementor-element elementor-element-4f20b37 elementor-widget elementor-widget-heading\" data-id=\"4f20b37\" data-element_type=\"widget\" data-e-type=\"widget\" data-widget_type=\"heading.default\">\n\t\t\t\t<div class=\"elementor-widget-container\">\n\t\t\t\t\t<h2 class=\"elementor-heading-title elementor-size-default\">Qu\u00e8 \u00e9s WIDESPREAD EDUCATION?<\/h2>\t\t\t\t<\/div>\n\t\t\t\t<\/div>\n\t\t\t\t<div class=\"elementor-element elementor-element-1a99b39 elementor-widget elementor-widget-text-editor\" data-id=\"1a99b39\" data-element_type=\"widget\" data-e-type=\"widget\" data-widget_type=\"text-editor.default\">\n\t\t\t\t<div class=\"elementor-widget-container\">\n\t\t\t\t\t\t\t\t\t<p>\u00c9s un projecte europeu finan\u00e7at pel programa Erasmus+ \u2013 Acci\u00f3 KA220. Dirigit pel municipi de Reggio Emilia a It\u00e0lia, inclou set socis amb diverses compet\u00e8ncies en el sector escolar i educatiu.<br \/>Tres socis d&#8217;It\u00e0lia: Municipi de Reggio Emilia, Reggio Children Foundation i Universitat de M\u00f2dena i Reggio Emilia; un soci de Cro\u00e0cia: la ciutat de Zadar; un soci de Finl\u00e0ndia: Saunalahti School; i dos socis d&#8217;Espanya: Escola Carme Auguet i l\u2019Institut de Recerca de la Universitat de Girona.<br \/>Aquest projecte neix de l&#8217;experi\u00e8ncia &#8220;<strong>Scuola Diffusa<\/strong>&#8220;, que va sorgir a Reggio Emilia durant la pand\u00e8mia de Covid-19 com a soluci\u00f3 d&#8217;emerg\u00e8ncia per promoure la represa de l&#8217;ensenyament presencial durant la crisi sanit\u00e0ria.<\/p>\n<p>Inspirant-se en aquest antecedent, el projecte pret\u00e9n transformar els m\u00e8todes d&#8217;ensenyament m\u00e9s enll\u00e0 de les aules tradicionals, promovent la integraci\u00f3 de l&#8217;enfocament de l&#8217;Educaci\u00f3 fora de l&#8217;aula (EOC) en els contextos educatius dels diferents socis participants,<strong> considerant les comunitats com a recursos educatius valuosos i enriquint els sistemes escolars<\/strong>. Els objectius principals inclouen millorar la qualitat de l&#8217;educaci\u00f3 prim\u00e0ria i secund\u00e0ria, refor\u00e7ar les compet\u00e8ncies del professorat i impactar positivament en els estudiants fomentant habilitats clau com el pensament cr\u00edtic i la creativitat.<\/p>\n\t\t\t\t\t\t\t\t<\/div>\n\t\t\t\t<\/div>\n\t\t\t\t<div class=\"elementor-element elementor-element-1266f76 elementor-widget elementor-widget-heading\" data-id=\"1266f76\" data-element_type=\"widget\" data-e-type=\"widget\" data-widget_type=\"heading.default\">\n\t\t\t\t<div class=\"elementor-widget-container\">\n\t\t\t\t\t<h3 class=\"elementor-heading-title elementor-size-default\">Widespread School es caracteritza per:<\/h3>\t\t\t\t<\/div>\n\t\t\t\t<\/div>\n\t\t\t\t<div class=\"elementor-element elementor-element-190fd80 elementor-widget elementor-widget-text-editor\" data-id=\"190fd80\" data-element_type=\"widget\" data-e-type=\"widget\" data-widget_type=\"text-editor.default\">\n\t\t\t\t<div class=\"elementor-widget-container\">\n\t\t\t\t\t\t\t\t\t<p>\u00c9s un projecte europeu finan\u00e7at pel programa Erasmus+ \u2013 Acci\u00f3 KA220. Dirigit pel municipi de Reggio Emilia a It\u00e0lia, inclou set socis amb diverses compet\u00e8ncies en el sector escolar i educatiu.<br \/>Tres socis d&#8217;It\u00e0lia: Municipi de Reggio Emilia, Reggio Children Foundation i Universitat de M\u00f2dena i Reggio Emilia; un soci de Cro\u00e0cia: la ciutat de Zadar; un soci de Finl\u00e0ndia: Saunalahti School; i dos socis d&#8217;Espanya: Escola Carme Auguet i l\u2019Institut de Recerca de la Universitat de Girona.<br \/>Aquest projecte neix de l&#8217;experi\u00e8ncia &#8220;<strong>Scuola Diffusa<\/strong>&#8220;, que va sorgir a Reggio Emilia durant la pand\u00e8mia de Covid-19 com a soluci\u00f3 d&#8217;emerg\u00e8ncia per promoure la represa de l&#8217;ensenyament presencial durant la crisi sanit\u00e0ria.<\/p>\n<p>Inspirant-se en aquest antecedent, el projecte pret\u00e9n transformar els m\u00e8todes d&#8217;ensenyament m\u00e9s enll\u00e0 de les aules tradicionals, promovent la integraci\u00f3 de l&#8217;enfocament de l&#8217;Educaci\u00f3 fora de l&#8217;aula (EOC) en els contextos educatius dels diferents socis participants,<strong> considerant les comunitats com a recursos educatius valuosos i enriquint els sistemes escolars<\/strong>. Els objectius principals inclouen millorar la qualitat de l&#8217;educaci\u00f3 prim\u00e0ria i secund\u00e0ria, refor\u00e7ar les compet\u00e8ncies del professorat i impactar positivament en els estudiants fomentant habilitats clau com el pensament cr\u00edtic i la creativitat.<\/p>\n\t\t\t\t\t\t\t\t<\/div>\n\t\t\t\t<\/div>\n\t\t\t\t\t<\/div>\n\t\t\t\t<\/div>\n\t\t\t\t<\/div>\n\t\t","protected":false},"excerpt":{"rendered":"<p>EL PROJECTE Widespread School Innovar enfocaments docents fora de l&#8217;aula \u00c9s un projecte europeu finan\u00e7at pel programa Erasmus+ \u2013 Acci\u00f3 KA220. Dirigit pel municipi de Reggio Emilia a It\u00e0lia, inclou set socis amb diverses compet\u00e8ncies en el sector escolar i educatiu.Tres socis d&#8217;It\u00e0lia: Municipi de Reggio Emilia, Reggio Children Foundation i Universitat de M\u00f2dena i [&hellip;]<\/p>\n","protected":false},"author":1,"featured_media":0,"parent":0,"menu_order":0,"comment_status":"closed","ping_status":"closed","template":"","meta":{"_acf_changed":false,"footnotes":""},"class_list":["post-1095","page","type-page","status-publish","hentry"],"acf":[],"yoast_head":"<!-- This site is optimized with the Yoast SEO plugin v26.7 - https:\/\/yoast.com\/wordpress\/plugins\/seo\/ -->\n<title>El proyecto - Enfoques pedag\u00f3gicos innovadores de la escuela Widespread<\/title>\n<meta name=\"description\" content=\"Descubra Widespread School, un proyecto Erasmus+ de Reggio Emilia que mejora la educaci\u00f3n mediante m\u00e9todos pedag\u00f3gicos innovadores y el aprendizaje basado en la comunidad.\" \/>\n<meta name=\"robots\" content=\"index, follow, max-snippet:-1, max-image-preview:large, max-video-preview:-1\" \/>\n<link rel=\"canonical\" href=\"https:\/\/www.widespreadschool.eu\/ca\/el-projecte\/\" \/>\n<meta property=\"og:locale\" content=\"ca_ES\" \/>\n<meta property=\"og:type\" content=\"article\" \/>\n<meta property=\"og:title\" content=\"El proyecto - Enfoques pedag\u00f3gicos innovadores de la escuela Widespread\" \/>\n<meta property=\"og:description\" content=\"Descubra Widespread School, un proyecto Erasmus+ de Reggio Emilia que mejora la educaci\u00f3n mediante m\u00e9todos pedag\u00f3gicos innovadores y el aprendizaje basado en la comunidad.\" \/>\n<meta property=\"og:url\" content=\"https:\/\/www.widespreadschool.eu\/ca\/el-projecte\/\" \/>\n<meta property=\"og:site_name\" content=\"WIDESPREAD SCHOOL\" \/>\n<meta property=\"article:modified_time\" content=\"2025-03-11T11:16:42+00:00\" \/>\n<meta property=\"og:image\" content=\"https:\/\/www.widespreadschool.eu\/wp-content\/uploads\/2024\/06\/Isolation_Mode-2.png\" \/>\n\t<meta property=\"og:image:width\" content=\"138\" \/>\n\t<meta property=\"og:image:height\" content=\"502\" \/>\n\t<meta property=\"og:image:type\" content=\"image\/png\" \/>\n<meta name=\"twitter:card\" content=\"summary_large_image\" \/>\n<meta name=\"twitter:label1\" content=\"Temps estimat de lectura\" \/>\n\t<meta name=\"twitter:data1\" content=\"3 minuts\" \/>\n<script type=\"application\/ld+json\" class=\"yoast-schema-graph\">{\"@context\":\"https:\/\/schema.org\",\"@graph\":[{\"@type\":\"WebPage\",\"@id\":\"https:\/\/www.widespreadschool.eu\/ca\/el-projecte\/\",\"url\":\"https:\/\/www.widespreadschool.eu\/ca\/el-projecte\/\",\"name\":\"El proyecto - Enfoques pedag\u00f3gicos innovadores de la escuela Widespread\",\"isPartOf\":{\"@id\":\"https:\/\/www.widespreadschool.eu\/ca\/#website\"},\"primaryImageOfPage\":{\"@id\":\"https:\/\/www.widespreadschool.eu\/ca\/el-projecte\/#primaryimage\"},\"image\":{\"@id\":\"https:\/\/www.widespreadschool.eu\/ca\/el-projecte\/#primaryimage\"},\"thumbnailUrl\":\"https:\/\/www.widespreadschool.eu\/wp-content\/uploads\/2024\/06\/Isolation_Mode-2.png\",\"datePublished\":\"2024-06-17T20:58:05+00:00\",\"dateModified\":\"2025-03-11T11:16:42+00:00\",\"description\":\"Descubra Widespread School, un proyecto Erasmus+ de Reggio Emilia que mejora la educaci\u00f3n mediante m\u00e9todos pedag\u00f3gicos innovadores y el aprendizaje basado en la comunidad.\",\"breadcrumb\":{\"@id\":\"https:\/\/www.widespreadschool.eu\/ca\/el-projecte\/#breadcrumb\"},\"inLanguage\":\"ca\",\"potentialAction\":[{\"@type\":\"ReadAction\",\"target\":[\"https:\/\/www.widespreadschool.eu\/ca\/el-projecte\/\"]}]},{\"@type\":\"ImageObject\",\"inLanguage\":\"ca\",\"@id\":\"https:\/\/www.widespreadschool.eu\/ca\/el-projecte\/#primaryimage\",\"url\":\"https:\/\/www.widespreadschool.eu\/wp-content\/uploads\/2024\/06\/Isolation_Mode-2.png\",\"contentUrl\":\"https:\/\/www.widespreadschool.eu\/wp-content\/uploads\/2024\/06\/Isolation_Mode-2.png\"},{\"@type\":\"BreadcrumbList\",\"@id\":\"https:\/\/www.widespreadschool.eu\/ca\/el-projecte\/#breadcrumb\",\"itemListElement\":[{\"@type\":\"ListItem\",\"position\":1,\"name\":\"Home\",\"item\":\"https:\/\/www.widespreadschool.eu\/ca\/\"},{\"@type\":\"ListItem\",\"position\":2,\"name\":\"EL PROJECTE\"}]},{\"@type\":\"WebSite\",\"@id\":\"https:\/\/www.widespreadschool.eu\/ca\/#website\",\"url\":\"https:\/\/www.widespreadschool.eu\/ca\/\",\"name\":\"WIDESPREAD SCHOOL\",\"description\":\"\",\"publisher\":{\"@id\":\"https:\/\/www.widespreadschool.eu\/ca\/#organization\"},\"potentialAction\":[{\"@type\":\"SearchAction\",\"target\":{\"@type\":\"EntryPoint\",\"urlTemplate\":\"https:\/\/www.widespreadschool.eu\/ca\/?s={search_term_string}\"},\"query-input\":{\"@type\":\"PropertyValueSpecification\",\"valueRequired\":true,\"valueName\":\"search_term_string\"}}],\"inLanguage\":\"ca\"},{\"@type\":\"Organization\",\"@id\":\"https:\/\/www.widespreadschool.eu\/ca\/#organization\",\"name\":\"WIDESPREAD SCHOOL\",\"url\":\"https:\/\/www.widespreadschool.eu\/ca\/\",\"logo\":{\"@type\":\"ImageObject\",\"inLanguage\":\"ca\",\"@id\":\"https:\/\/www.widespreadschool.eu\/ca\/#\/schema\/logo\/image\/\",\"url\":\"https:\/\/www.widespreadschool.eu\/wp-content\/uploads\/2024\/06\/widespread-logo.png\",\"contentUrl\":\"https:\/\/www.widespreadschool.eu\/wp-content\/uploads\/2024\/06\/widespread-logo.png\",\"width\":193,\"height\":70,\"caption\":\"WIDESPREAD SCHOOL\"},\"image\":{\"@id\":\"https:\/\/www.widespreadschool.eu\/ca\/#\/schema\/logo\/image\/\"}}]}<\/script>\n<!-- \/ Yoast SEO plugin. -->","yoast_head_json":{"title":"El proyecto - Enfoques pedag\u00f3gicos innovadores de la escuela Widespread","description":"Descubra Widespread School, un proyecto Erasmus+ de Reggio Emilia que mejora la educaci\u00f3n mediante m\u00e9todos pedag\u00f3gicos innovadores y el aprendizaje basado en la comunidad.","robots":{"index":"index","follow":"follow","max-snippet":"max-snippet:-1","max-image-preview":"max-image-preview:large","max-video-preview":"max-video-preview:-1"},"canonical":"https:\/\/www.widespreadschool.eu\/ca\/el-projecte\/","og_locale":"ca_ES","og_type":"article","og_title":"El proyecto - Enfoques pedag\u00f3gicos innovadores de la escuela Widespread","og_description":"Descubra Widespread School, un proyecto Erasmus+ de Reggio Emilia que mejora la educaci\u00f3n mediante m\u00e9todos pedag\u00f3gicos innovadores y el aprendizaje basado en la comunidad.","og_url":"https:\/\/www.widespreadschool.eu\/ca\/el-projecte\/","og_site_name":"WIDESPREAD SCHOOL","article_modified_time":"2025-03-11T11:16:42+00:00","og_image":[{"width":138,"height":502,"url":"https:\/\/www.widespreadschool.eu\/wp-content\/uploads\/2024\/06\/Isolation_Mode-2.png","type":"image\/png"}],"twitter_card":"summary_large_image","twitter_misc":{"Temps estimat de lectura":"3 minuts"},"schema":{"@context":"https:\/\/schema.org","@graph":[{"@type":"WebPage","@id":"https:\/\/www.widespreadschool.eu\/ca\/el-projecte\/","url":"https:\/\/www.widespreadschool.eu\/ca\/el-projecte\/","name":"El proyecto - Enfoques pedag\u00f3gicos innovadores de la escuela Widespread","isPartOf":{"@id":"https:\/\/www.widespreadschool.eu\/ca\/#website"},"primaryImageOfPage":{"@id":"https:\/\/www.widespreadschool.eu\/ca\/el-projecte\/#primaryimage"},"image":{"@id":"https:\/\/www.widespreadschool.eu\/ca\/el-projecte\/#primaryimage"},"thumbnailUrl":"https:\/\/www.widespreadschool.eu\/wp-content\/uploads\/2024\/06\/Isolation_Mode-2.png","datePublished":"2024-06-17T20:58:05+00:00","dateModified":"2025-03-11T11:16:42+00:00","description":"Descubra Widespread School, un proyecto Erasmus+ de Reggio Emilia que mejora la educaci\u00f3n mediante m\u00e9todos pedag\u00f3gicos innovadores y el aprendizaje basado en la comunidad.","breadcrumb":{"@id":"https:\/\/www.widespreadschool.eu\/ca\/el-projecte\/#breadcrumb"},"inLanguage":"ca","potentialAction":[{"@type":"ReadAction","target":["https:\/\/www.widespreadschool.eu\/ca\/el-projecte\/"]}]},{"@type":"ImageObject","inLanguage":"ca","@id":"https:\/\/www.widespreadschool.eu\/ca\/el-projecte\/#primaryimage","url":"https:\/\/www.widespreadschool.eu\/wp-content\/uploads\/2024\/06\/Isolation_Mode-2.png","contentUrl":"https:\/\/www.widespreadschool.eu\/wp-content\/uploads\/2024\/06\/Isolation_Mode-2.png"},{"@type":"BreadcrumbList","@id":"https:\/\/www.widespreadschool.eu\/ca\/el-projecte\/#breadcrumb","itemListElement":[{"@type":"ListItem","position":1,"name":"Home","item":"https:\/\/www.widespreadschool.eu\/ca\/"},{"@type":"ListItem","position":2,"name":"EL PROJECTE"}]},{"@type":"WebSite","@id":"https:\/\/www.widespreadschool.eu\/ca\/#website","url":"https:\/\/www.widespreadschool.eu\/ca\/","name":"WIDESPREAD SCHOOL","description":"","publisher":{"@id":"https:\/\/www.widespreadschool.eu\/ca\/#organization"},"potentialAction":[{"@type":"SearchAction","target":{"@type":"EntryPoint","urlTemplate":"https:\/\/www.widespreadschool.eu\/ca\/?s={search_term_string}"},"query-input":{"@type":"PropertyValueSpecification","valueRequired":true,"valueName":"search_term_string"}}],"inLanguage":"ca"},{"@type":"Organization","@id":"https:\/\/www.widespreadschool.eu\/ca\/#organization","name":"WIDESPREAD SCHOOL","url":"https:\/\/www.widespreadschool.eu\/ca\/","logo":{"@type":"ImageObject","inLanguage":"ca","@id":"https:\/\/www.widespreadschool.eu\/ca\/#\/schema\/logo\/image\/","url":"https:\/\/www.widespreadschool.eu\/wp-content\/uploads\/2024\/06\/widespread-logo.png","contentUrl":"https:\/\/www.widespreadschool.eu\/wp-content\/uploads\/2024\/06\/widespread-logo.png","width":193,"height":70,"caption":"WIDESPREAD SCHOOL"},"image":{"@id":"https:\/\/www.widespreadschool.eu\/ca\/#\/schema\/logo\/image\/"}}]}},"_links":{"self":[{"href":"https:\/\/www.widespreadschool.eu\/ca\/wp-json\/wp\/v2\/pages\/1095","targetHints":{"allow":["GET"]}}],"collection":[{"href":"https:\/\/www.widespreadschool.eu\/ca\/wp-json\/wp\/v2\/pages"}],"about":[{"href":"https:\/\/www.widespreadschool.eu\/ca\/wp-json\/wp\/v2\/types\/page"}],"author":[{"embeddable":true,"href":"https:\/\/www.widespreadschool.eu\/ca\/wp-json\/wp\/v2\/users\/1"}],"replies":[{"embeddable":true,"href":"https:\/\/www.widespreadschool.eu\/ca\/wp-json\/wp\/v2\/comments?post=1095"}],"version-history":[{"count":5,"href":"https:\/\/www.widespreadschool.eu\/ca\/wp-json\/wp\/v2\/pages\/1095\/revisions"}],"predecessor-version":[{"id":1253,"href":"https:\/\/www.widespreadschool.eu\/ca\/wp-json\/wp\/v2\/pages\/1095\/revisions\/1253"}],"wp:attachment":[{"href":"https:\/\/www.widespreadschool.eu\/ca\/wp-json\/wp\/v2\/media?parent=1095"}],"curies":[{"name":"wp","href":"https:\/\/api.w.org\/{rel}","templated":true}]}}