{"id":1115,"date":"2024-06-17T22:58:05","date_gmt":"2024-06-17T20:58:05","guid":{"rendered":"https:\/\/www.widespreadschool.eu\/projekti\/"},"modified":"2025-03-11T12:17:15","modified_gmt":"2025-03-11T11:17:15","slug":"projekti","status":"publish","type":"page","link":"https:\/\/www.widespreadschool.eu\/fi\/projekti\/","title":{"rendered":"PROJEKTI"},"content":{"rendered":"\t\t<div data-elementor-type=\"wp-page\" data-elementor-id=\"1115\" class=\"elementor elementor-1115 elementor-15\" data-elementor-post-type=\"page\">\n\t\t\t\t<div class=\"elementor-element elementor-element-838eeff e-con-full e-flex e-con e-parent\" data-id=\"838eeff\" data-element_type=\"container\" data-e-type=\"container\" data-settings=\"{&quot;background_background&quot;:&quot;classic&quot;}\">\n\t\t<div class=\"elementor-element elementor-element-4cff412 e-con-full e-flex e-con e-child\" data-id=\"4cff412\" data-element_type=\"container\" data-e-type=\"container\" data-settings=\"{&quot;background_background&quot;:&quot;classic&quot;}\">\n\t\t\t\t<\/div>\n\t\t<div class=\"elementor-element elementor-element-d837462 e-flex e-con-boxed e-con e-child\" data-id=\"d837462\" data-element_type=\"container\" data-e-type=\"container\">\n\t\t\t\t\t<div class=\"e-con-inner\">\n\t\t\t\t<div class=\"elementor-element elementor-element-e37efee elementor-widget elementor-widget-heading\" data-id=\"e37efee\" data-element_type=\"widget\" data-e-type=\"widget\" data-widget_type=\"heading.default\">\n\t\t\t\t<div class=\"elementor-widget-container\">\n\t\t\t\t\t<h1 class=\"elementor-heading-title elementor-size-default\">PROJEKTI<\/h1>\t\t\t\t<\/div>\n\t\t\t\t<\/div>\n\t\t\t\t\t<\/div>\n\t\t\t\t<\/div>\n\t\t\t\t<\/div>\n\t\t<div class=\"elementor-element elementor-element-a8917b5 e-flex e-con-boxed e-con e-parent\" data-id=\"a8917b5\" data-element_type=\"container\" data-e-type=\"container\" data-settings=\"{&quot;background_background&quot;:&quot;classic&quot;}\">\n\t\t\t\t\t<div class=\"e-con-inner\">\n\t\t<div class=\"elementor-element elementor-element-79a62c1 e-con-full e-flex e-con e-child\" data-id=\"79a62c1\" data-element_type=\"container\" data-e-type=\"container\">\n\t\t\t\t<div class=\"elementor-element elementor-element-6fd80ff elementor-widget elementor-widget-heading\" data-id=\"6fd80ff\" data-element_type=\"widget\" data-e-type=\"widget\" data-widget_type=\"heading.default\">\n\t\t\t\t<div class=\"elementor-widget-container\">\n\t\t\t\t\t<h2 class=\"elementor-heading-title elementor-size-default\">Widespread School<\/h2>\t\t\t\t<\/div>\n\t\t\t\t<\/div>\n\t\t\t\t<div class=\"elementor-element elementor-element-847358e elementor-widget elementor-widget-heading\" data-id=\"847358e\" data-element_type=\"widget\" data-e-type=\"widget\" data-widget_type=\"heading.default\">\n\t\t\t\t<div class=\"elementor-widget-container\">\n\t\t\t\t\t<div class=\"elementor-heading-title elementor-size-default\">Innovatiivisia opetusmenetelmi\u00e4 <br> luokkahuoneen ulkopuolella<\/div>\t\t\t\t<\/div>\n\t\t\t\t<\/div>\n\t\t\t\t<\/div>\n\t\t<div class=\"elementor-element elementor-element-5ce26b1 e-con-full elementor-hidden-mobile e-flex e-con e-child\" data-id=\"5ce26b1\" data-element_type=\"container\" data-e-type=\"container\">\n\t\t\t\t<\/div>\n\t\t\t\t\t<\/div>\n\t\t\t\t<\/div>\n\t\t<div class=\"elementor-element elementor-element-71f61eb e-flex e-con-boxed e-con e-parent\" data-id=\"71f61eb\" data-element_type=\"container\" data-e-type=\"container\" data-settings=\"{&quot;background_background&quot;:&quot;classic&quot;}\">\n\t\t\t\t\t<div class=\"e-con-inner\">\n\t\t\t\t<div class=\"elementor-element elementor-element-ad5a7b4 elementor-widget elementor-widget-text-editor\" data-id=\"ad5a7b4\" data-element_type=\"widget\" data-e-type=\"widget\" data-widget_type=\"text-editor.default\">\n\t\t\t\t<div class=\"elementor-widget-container\">\n\t\t\t\t\t\t\t\t\t<p>Widespread School on Erasmus+ -ohjelman KA220 Action rahoittama eurooppalainen hanke. Italian Reggio Emilian kunnan johtamassa hankkeessa on seitsem\u00e4n kumppania, joilla on monipuoliset taidot koulu- ja koulutusalalta.<br \/>Kolme kumppania Italiasta: Reggio Emilian kunta, Reggio Children Foundation ja Modenan ja Reggio Emilian yliopisto; yksi kumppani Kroatiasta: Zadarin kaupunki; yksi yhteisty\u00f6kumppani Suomesta: Saunalahden koulu; ja kaksi kumppania Espanjasta: Carme Auguet School ja University of Girona.<br \/>T\u00e4m\u00e4 projekti juontaa juurensa &#8221;Scuola Diffusa&#8221; -kokemuksesta, joka syntyi Reggio Emiliassa Covid-19-pandemian aikana h\u00e4t\u00e4ratkaisuna edist\u00e4\u00e4 henkil\u00f6kohtaisen opetuksen uudelleen aloittamista pandemian aikana.<br \/>Scuola Diffusan kokemuksesta inspiraation saaneen hankkeen tavoitteena on mullistaa opetusmenetelm\u00e4t perinteisten luokkahuoneiden ulkopuolella edist\u00e4m\u00e4ll\u00e4 Education Outside the Classroom (EOC) -l\u00e4hestymistavan integrointia kumppanien koulutusymp\u00e4rist\u00f6ihin, pit\u00e4m\u00e4ll\u00e4 yhteis\u00f6j\u00e4 arvokkaina koulutusresursseina ja rikastuttamalla kouluj\u00e4rjestelmi\u00e4. Ensisijaisia tavoitteita ovat perus- ja toisen asteen koulutuksen laadun parantaminen, opettajien osaamisen vahvistaminen ja opiskelijoiden positiivinen vaikuttaminen edist\u00e4m\u00e4ll\u00e4 keskeisi\u00e4 taitoja, kuten kriittist\u00e4 ajattelua ja luovuutta.<\/p>\n\t\t\t\t\t\t\t\t<\/div>\n\t\t\t\t<\/div>\n\t\t\t\t\t<\/div>\n\t\t\t\t<\/div>\n\t\t<div class=\"elementor-element elementor-element-21cf891 e-flex e-con-boxed e-con e-parent\" data-id=\"21cf891\" data-element_type=\"container\" data-e-type=\"container\" data-settings=\"{&quot;background_background&quot;:&quot;classic&quot;}\">\n\t\t\t\t\t<div class=\"e-con-inner\">\n\t\t\t\t<div class=\"elementor-element elementor-element-d276032 elementor-widget__width-auto elementor-absolute elementor-widget elementor-widget-image\" data-id=\"d276032\" data-element_type=\"widget\" data-e-type=\"widget\" data-settings=\"{&quot;_position&quot;:&quot;absolute&quot;}\" data-widget_type=\"image.default\">\n\t\t\t\t<div class=\"elementor-widget-container\">\n\t\t\t\t\t\t\t\t\t\t\t\t\t\t\t<img fetchpriority=\"high\" decoding=\"async\" width=\"138\" height=\"502\" src=\"https:\/\/www.widespreadschool.eu\/wp-content\/uploads\/2024\/06\/Isolation_Mode-2.png\" class=\"attachment-large size-large wp-image-830\" alt=\"\" \/>\t\t\t\t\t\t\t\t\t\t\t\t\t\t\t<\/div>\n\t\t\t\t<\/div>\n\t\t\t\t<div class=\"elementor-element elementor-element-c030381 elementor-widget elementor-widget-image\" data-id=\"c030381\" data-element_type=\"widget\" data-e-type=\"widget\" data-widget_type=\"image.default\">\n\t\t\t\t<div class=\"elementor-widget-container\">\n\t\t\t\t\t\t\t\t\t\t\t\t\t\t\t<img decoding=\"async\" width=\"1197\" height=\"373\" src=\"https:\/\/www.widespreadschool.eu\/wp-content\/uploads\/2024\/06\/shutterstock_559448341-1.jpg\" class=\"attachment-full size-full wp-image-713\" alt=\"\" srcset=\"https:\/\/www.widespreadschool.eu\/wp-content\/uploads\/2024\/06\/shutterstock_559448341-1.jpg 1197w, https:\/\/www.widespreadschool.eu\/wp-content\/uploads\/2024\/06\/shutterstock_559448341-1-300x93.jpg 300w, https:\/\/www.widespreadschool.eu\/wp-content\/uploads\/2024\/06\/shutterstock_559448341-1-1024x319.jpg 1024w, https:\/\/www.widespreadschool.eu\/wp-content\/uploads\/2024\/06\/shutterstock_559448341-1-768x239.jpg 768w\" sizes=\"(max-width: 1197px) 100vw, 1197px\" \/>\t\t\t\t\t\t\t\t\t\t\t\t\t\t\t<\/div>\n\t\t\t\t<\/div>\n\t\t\t\t\t<\/div>\n\t\t\t\t<\/div>\n\t\t<div class=\"elementor-element elementor-element-86190b9 e-flex e-con-boxed e-con e-parent\" data-id=\"86190b9\" data-element_type=\"container\" data-e-type=\"container\" data-settings=\"{&quot;background_background&quot;:&quot;classic&quot;}\">\n\t\t\t\t\t<div class=\"e-con-inner\">\n\t\t\t\t<div class=\"elementor-element elementor-element-4f20b37 elementor-widget elementor-widget-heading\" data-id=\"4f20b37\" data-element_type=\"widget\" data-e-type=\"widget\" data-widget_type=\"heading.default\">\n\t\t\t\t<div class=\"elementor-widget-container\">\n\t\t\t\t\t<h2 class=\"elementor-heading-title elementor-size-default\">Mit\u00e4 on WIDESPREAD EDUCATION?<\/h2>\t\t\t\t<\/div>\n\t\t\t\t<\/div>\n\t\t\t\t<div class=\"elementor-element elementor-element-1a99b39 elementor-widget elementor-widget-text-editor\" data-id=\"1a99b39\" data-element_type=\"widget\" data-e-type=\"widget\" data-widget_type=\"text-editor.default\">\n\t\t\t\t<div class=\"elementor-widget-container\">\n\t\t\t\t\t\t\t\t\t<p>Widespread School on Erasmus+ -ohjelman KA220 Action rahoittama eurooppalainen hanke. Italian Reggio Emilian kunnan johtamassa hankkeessa on seitsem\u00e4n kumppania, joilla on monipuoliset taidot koulu- ja koulutusalalta.<br \/>Kolme kumppania Italiasta: Reggio Emilian kunta, Reggio Children Foundation ja Modenan ja Reggio Emilian yliopisto; yksi kumppani Kroatiasta: Zadarin kaupunki; yksi yhteisty\u00f6kumppani Suomesta: Saunalahden koulu; ja kaksi kumppania Espanjasta: Carme Auguet School ja University of Girona.<br \/>T\u00e4m\u00e4 projekti juontaa juurensa &#8221;Scuola Diffusa&#8221; -kokemuksesta, joka syntyi Reggio Emiliassa Covid-19-pandemian aikana h\u00e4t\u00e4ratkaisuna edist\u00e4\u00e4 henkil\u00f6kohtaisen opetuksen uudelleen aloittamista pandemian aikana.<br \/>Scuola Diffusan kokemuksesta inspiraation saaneen hankkeen tavoitteena on mullistaa opetusmenetelm\u00e4t perinteisten luokkahuoneiden ulkopuolella edist\u00e4m\u00e4ll\u00e4 Education Outside the Classroom (EOC) -l\u00e4hestymistavan integrointia kumppanien koulutusymp\u00e4rist\u00f6ihin, pit\u00e4m\u00e4ll\u00e4 yhteis\u00f6j\u00e4 arvokkaina koulutusresursseina ja rikastuttamalla kouluj\u00e4rjestelmi\u00e4. Ensisijaisia tavoitteita ovat perus- ja toisen asteen koulutuksen laadun parantaminen, opettajien osaamisen vahvistaminen ja opiskelijoiden positiivinen vaikuttaminen edist\u00e4m\u00e4ll\u00e4 keskeisi\u00e4 taitoja, kuten kriittist\u00e4 ajattelua ja luovuutta.<\/p>\n\t\t\t\t\t\t\t\t<\/div>\n\t\t\t\t<\/div>\n\t\t\t\t<div class=\"elementor-element elementor-element-1266f76 elementor-widget elementor-widget-heading\" data-id=\"1266f76\" data-element_type=\"widget\" data-e-type=\"widget\" data-widget_type=\"heading.default\">\n\t\t\t\t<div class=\"elementor-widget-container\">\n\t\t\t\t\t<h3 class=\"elementor-heading-title elementor-size-default\">Widespread School on ominaista:<\/h3>\t\t\t\t<\/div>\n\t\t\t\t<\/div>\n\t\t\t\t<div class=\"elementor-element elementor-element-190fd80 elementor-widget elementor-widget-text-editor\" data-id=\"190fd80\" data-element_type=\"widget\" data-e-type=\"widget\" data-widget_type=\"text-editor.default\">\n\t\t\t\t<div class=\"elementor-widget-container\">\n\t\t\t\t\t\t\t\t\t<p>Widespread School on Erasmus+ -ohjelman KA220 Action rahoittama eurooppalainen hanke. Italian Reggio Emilian kunnan johtamassa hankkeessa on seitsem\u00e4n kumppania, joilla on monipuoliset taidot koulu- ja koulutusalalta.<br \/>Kolme kumppania Italiasta: Reggio Emilian kunta, Reggio Children Foundation ja Modenan ja Reggio Emilian yliopisto; yksi kumppani Kroatiasta: Zadarin kaupunki; yksi yhteisty\u00f6kumppani Suomesta: Saunalahden koulu; ja kaksi kumppania Espanjasta: Carme Auguet School ja University of Girona.<br \/>T\u00e4m\u00e4 projekti juontaa juurensa &#8221;Scuola Diffusa&#8221; -kokemuksesta, joka syntyi Reggio Emiliassa Covid-19-pandemian aikana h\u00e4t\u00e4ratkaisuna edist\u00e4\u00e4 henkil\u00f6kohtaisen opetuksen uudelleen aloittamista pandemian aikana.<br \/>Scuola Diffusan kokemuksesta inspiraation saaneen hankkeen tavoitteena on mullistaa opetusmenetelm\u00e4t perinteisten luokkahuoneiden ulkopuolella edist\u00e4m\u00e4ll\u00e4 Education Outside the Classroom (EOC) -l\u00e4hestymistavan integrointia kumppanien koulutusymp\u00e4rist\u00f6ihin, pit\u00e4m\u00e4ll\u00e4 yhteis\u00f6j\u00e4 arvokkaina koulutusresursseina ja rikastuttamalla kouluj\u00e4rjestelmi\u00e4. Ensisijaisia tavoitteita ovat perus- ja toisen asteen koulutuksen laadun parantaminen, opettajien osaamisen vahvistaminen ja opiskelijoiden positiivinen vaikuttaminen edist\u00e4m\u00e4ll\u00e4 keskeisi\u00e4 taitoja, kuten kriittist\u00e4 ajattelua ja luovuutta.<\/p>\n\t\t\t\t\t\t\t\t<\/div>\n\t\t\t\t<\/div>\n\t\t\t\t\t<\/div>\n\t\t\t\t<\/div>\n\t\t\t\t<\/div>\n\t\t","protected":false},"excerpt":{"rendered":"<p>PROJEKTI Widespread School Innovatiivisia opetusmenetelmi\u00e4 luokkahuoneen ulkopuolella Widespread School on Erasmus+ -ohjelman KA220 Action rahoittama eurooppalainen hanke. Italian Reggio Emilian kunnan johtamassa hankkeessa on seitsem\u00e4n kumppania, joilla on monipuoliset taidot koulu- ja koulutusalalta.Kolme kumppania Italiasta: Reggio Emilian kunta, Reggio Children Foundation ja Modenan ja Reggio Emilian yliopisto; yksi kumppani Kroatiasta: Zadarin kaupunki; yksi yhteisty\u00f6kumppani Suomesta: [&hellip;]<\/p>\n","protected":false},"author":1,"featured_media":0,"parent":0,"menu_order":0,"comment_status":"closed","ping_status":"closed","template":"","meta":{"_acf_changed":false,"footnotes":""},"class_list":["post-1115","page","type-page","status-publish","hentry"],"acf":[],"yoast_head":"<!-- This site is optimized with the Yoast SEO plugin v26.7 - https:\/\/yoast.com\/wordpress\/plugins\/seo\/ -->\n<title>Projekti -% Widespread Schoolin innovatiiviset opetusmenetelm\u00e4t<\/title>\n<meta name=\"description\" content=\"Tutustu Widespread Schooliin, joka on Reggio Emilian Erasmus+ -hanke, joka parantaa koulutusta innovatiivisten opetusmenetelmien ja yhteis\u00f6llisen oppimisen avulla.\" \/>\n<meta name=\"robots\" content=\"index, follow, max-snippet:-1, max-image-preview:large, max-video-preview:-1\" \/>\n<link rel=\"canonical\" href=\"https:\/\/www.widespreadschool.eu\/fi\/projekti\/\" \/>\n<meta property=\"og:locale\" content=\"fi_FI\" \/>\n<meta property=\"og:type\" content=\"article\" \/>\n<meta property=\"og:title\" content=\"Projekti -% Widespread Schoolin innovatiiviset opetusmenetelm\u00e4t\" \/>\n<meta property=\"og:description\" content=\"Tutustu Widespread Schooliin, joka on Reggio Emilian Erasmus+ -hanke, joka parantaa koulutusta innovatiivisten opetusmenetelmien ja yhteis\u00f6llisen oppimisen avulla.\" \/>\n<meta property=\"og:url\" content=\"https:\/\/www.widespreadschool.eu\/fi\/projekti\/\" \/>\n<meta property=\"og:site_name\" content=\"WIDESPREAD SCHOOL\" \/>\n<meta property=\"article:modified_time\" content=\"2025-03-11T11:17:15+00:00\" \/>\n<meta property=\"og:image\" content=\"https:\/\/www.widespreadschool.eu\/wp-content\/uploads\/2024\/06\/Isolation_Mode-2.png\" \/>\n\t<meta property=\"og:image:width\" content=\"138\" \/>\n\t<meta property=\"og:image:height\" content=\"502\" \/>\n\t<meta property=\"og:image:type\" content=\"image\/png\" \/>\n<meta name=\"twitter:card\" content=\"summary_large_image\" \/>\n<meta name=\"twitter:label1\" content=\"Arvioitu lukuaika\" \/>\n\t<meta name=\"twitter:data1\" content=\"3 minuuttia\" \/>\n<script type=\"application\/ld+json\" class=\"yoast-schema-graph\">{\"@context\":\"https:\/\/schema.org\",\"@graph\":[{\"@type\":\"WebPage\",\"@id\":\"https:\/\/www.widespreadschool.eu\/fi\/projekti\/\",\"url\":\"https:\/\/www.widespreadschool.eu\/fi\/projekti\/\",\"name\":\"Projekti -% Widespread Schoolin innovatiiviset opetusmenetelm\u00e4t\",\"isPartOf\":{\"@id\":\"https:\/\/www.widespreadschool.eu\/fi\/#website\"},\"primaryImageOfPage\":{\"@id\":\"https:\/\/www.widespreadschool.eu\/fi\/projekti\/#primaryimage\"},\"image\":{\"@id\":\"https:\/\/www.widespreadschool.eu\/fi\/projekti\/#primaryimage\"},\"thumbnailUrl\":\"https:\/\/www.widespreadschool.eu\/wp-content\/uploads\/2024\/06\/Isolation_Mode-2.png\",\"datePublished\":\"2024-06-17T20:58:05+00:00\",\"dateModified\":\"2025-03-11T11:17:15+00:00\",\"description\":\"Tutustu Widespread Schooliin, joka on Reggio Emilian Erasmus+ -hanke, joka parantaa koulutusta innovatiivisten opetusmenetelmien ja yhteis\u00f6llisen oppimisen avulla.\",\"breadcrumb\":{\"@id\":\"https:\/\/www.widespreadschool.eu\/fi\/projekti\/#breadcrumb\"},\"inLanguage\":\"fi\",\"potentialAction\":[{\"@type\":\"ReadAction\",\"target\":[\"https:\/\/www.widespreadschool.eu\/fi\/projekti\/\"]}]},{\"@type\":\"ImageObject\",\"inLanguage\":\"fi\",\"@id\":\"https:\/\/www.widespreadschool.eu\/fi\/projekti\/#primaryimage\",\"url\":\"https:\/\/www.widespreadschool.eu\/wp-content\/uploads\/2024\/06\/Isolation_Mode-2.png\",\"contentUrl\":\"https:\/\/www.widespreadschool.eu\/wp-content\/uploads\/2024\/06\/Isolation_Mode-2.png\"},{\"@type\":\"BreadcrumbList\",\"@id\":\"https:\/\/www.widespreadschool.eu\/fi\/projekti\/#breadcrumb\",\"itemListElement\":[{\"@type\":\"ListItem\",\"position\":1,\"name\":\"Home\",\"item\":\"https:\/\/www.widespreadschool.eu\/fi\/\"},{\"@type\":\"ListItem\",\"position\":2,\"name\":\"PROJEKTI\"}]},{\"@type\":\"WebSite\",\"@id\":\"https:\/\/www.widespreadschool.eu\/fi\/#website\",\"url\":\"https:\/\/www.widespreadschool.eu\/fi\/\",\"name\":\"WIDESPREAD SCHOOL\",\"description\":\"\",\"publisher\":{\"@id\":\"https:\/\/www.widespreadschool.eu\/fi\/#organization\"},\"potentialAction\":[{\"@type\":\"SearchAction\",\"target\":{\"@type\":\"EntryPoint\",\"urlTemplate\":\"https:\/\/www.widespreadschool.eu\/fi\/?s={search_term_string}\"},\"query-input\":{\"@type\":\"PropertyValueSpecification\",\"valueRequired\":true,\"valueName\":\"search_term_string\"}}],\"inLanguage\":\"fi\"},{\"@type\":\"Organization\",\"@id\":\"https:\/\/www.widespreadschool.eu\/fi\/#organization\",\"name\":\"WIDESPREAD SCHOOL\",\"url\":\"https:\/\/www.widespreadschool.eu\/fi\/\",\"logo\":{\"@type\":\"ImageObject\",\"inLanguage\":\"fi\",\"@id\":\"https:\/\/www.widespreadschool.eu\/fi\/#\/schema\/logo\/image\/\",\"url\":\"https:\/\/www.widespreadschool.eu\/wp-content\/uploads\/2024\/06\/widespread-logo.png\",\"contentUrl\":\"https:\/\/www.widespreadschool.eu\/wp-content\/uploads\/2024\/06\/widespread-logo.png\",\"width\":193,\"height\":70,\"caption\":\"WIDESPREAD SCHOOL\"},\"image\":{\"@id\":\"https:\/\/www.widespreadschool.eu\/fi\/#\/schema\/logo\/image\/\"}}]}<\/script>\n<!-- \/ Yoast SEO plugin. -->","yoast_head_json":{"title":"Projekti -% Widespread Schoolin innovatiiviset opetusmenetelm\u00e4t","description":"Tutustu Widespread Schooliin, joka on Reggio Emilian Erasmus+ -hanke, joka parantaa koulutusta innovatiivisten opetusmenetelmien ja yhteis\u00f6llisen oppimisen avulla.","robots":{"index":"index","follow":"follow","max-snippet":"max-snippet:-1","max-image-preview":"max-image-preview:large","max-video-preview":"max-video-preview:-1"},"canonical":"https:\/\/www.widespreadschool.eu\/fi\/projekti\/","og_locale":"fi_FI","og_type":"article","og_title":"Projekti -% Widespread Schoolin innovatiiviset opetusmenetelm\u00e4t","og_description":"Tutustu Widespread Schooliin, joka on Reggio Emilian Erasmus+ -hanke, joka parantaa koulutusta innovatiivisten opetusmenetelmien ja yhteis\u00f6llisen oppimisen avulla.","og_url":"https:\/\/www.widespreadschool.eu\/fi\/projekti\/","og_site_name":"WIDESPREAD SCHOOL","article_modified_time":"2025-03-11T11:17:15+00:00","og_image":[{"width":138,"height":502,"url":"https:\/\/www.widespreadschool.eu\/wp-content\/uploads\/2024\/06\/Isolation_Mode-2.png","type":"image\/png"}],"twitter_card":"summary_large_image","twitter_misc":{"Arvioitu lukuaika":"3 minuuttia"},"schema":{"@context":"https:\/\/schema.org","@graph":[{"@type":"WebPage","@id":"https:\/\/www.widespreadschool.eu\/fi\/projekti\/","url":"https:\/\/www.widespreadschool.eu\/fi\/projekti\/","name":"Projekti -% Widespread Schoolin innovatiiviset opetusmenetelm\u00e4t","isPartOf":{"@id":"https:\/\/www.widespreadschool.eu\/fi\/#website"},"primaryImageOfPage":{"@id":"https:\/\/www.widespreadschool.eu\/fi\/projekti\/#primaryimage"},"image":{"@id":"https:\/\/www.widespreadschool.eu\/fi\/projekti\/#primaryimage"},"thumbnailUrl":"https:\/\/www.widespreadschool.eu\/wp-content\/uploads\/2024\/06\/Isolation_Mode-2.png","datePublished":"2024-06-17T20:58:05+00:00","dateModified":"2025-03-11T11:17:15+00:00","description":"Tutustu Widespread Schooliin, joka on Reggio Emilian Erasmus+ -hanke, joka parantaa koulutusta innovatiivisten opetusmenetelmien ja yhteis\u00f6llisen oppimisen avulla.","breadcrumb":{"@id":"https:\/\/www.widespreadschool.eu\/fi\/projekti\/#breadcrumb"},"inLanguage":"fi","potentialAction":[{"@type":"ReadAction","target":["https:\/\/www.widespreadschool.eu\/fi\/projekti\/"]}]},{"@type":"ImageObject","inLanguage":"fi","@id":"https:\/\/www.widespreadschool.eu\/fi\/projekti\/#primaryimage","url":"https:\/\/www.widespreadschool.eu\/wp-content\/uploads\/2024\/06\/Isolation_Mode-2.png","contentUrl":"https:\/\/www.widespreadschool.eu\/wp-content\/uploads\/2024\/06\/Isolation_Mode-2.png"},{"@type":"BreadcrumbList","@id":"https:\/\/www.widespreadschool.eu\/fi\/projekti\/#breadcrumb","itemListElement":[{"@type":"ListItem","position":1,"name":"Home","item":"https:\/\/www.widespreadschool.eu\/fi\/"},{"@type":"ListItem","position":2,"name":"PROJEKTI"}]},{"@type":"WebSite","@id":"https:\/\/www.widespreadschool.eu\/fi\/#website","url":"https:\/\/www.widespreadschool.eu\/fi\/","name":"WIDESPREAD SCHOOL","description":"","publisher":{"@id":"https:\/\/www.widespreadschool.eu\/fi\/#organization"},"potentialAction":[{"@type":"SearchAction","target":{"@type":"EntryPoint","urlTemplate":"https:\/\/www.widespreadschool.eu\/fi\/?s={search_term_string}"},"query-input":{"@type":"PropertyValueSpecification","valueRequired":true,"valueName":"search_term_string"}}],"inLanguage":"fi"},{"@type":"Organization","@id":"https:\/\/www.widespreadschool.eu\/fi\/#organization","name":"WIDESPREAD SCHOOL","url":"https:\/\/www.widespreadschool.eu\/fi\/","logo":{"@type":"ImageObject","inLanguage":"fi","@id":"https:\/\/www.widespreadschool.eu\/fi\/#\/schema\/logo\/image\/","url":"https:\/\/www.widespreadschool.eu\/wp-content\/uploads\/2024\/06\/widespread-logo.png","contentUrl":"https:\/\/www.widespreadschool.eu\/wp-content\/uploads\/2024\/06\/widespread-logo.png","width":193,"height":70,"caption":"WIDESPREAD SCHOOL"},"image":{"@id":"https:\/\/www.widespreadschool.eu\/fi\/#\/schema\/logo\/image\/"}}]}},"_links":{"self":[{"href":"https:\/\/www.widespreadschool.eu\/fi\/wp-json\/wp\/v2\/pages\/1115","targetHints":{"allow":["GET"]}}],"collection":[{"href":"https:\/\/www.widespreadschool.eu\/fi\/wp-json\/wp\/v2\/pages"}],"about":[{"href":"https:\/\/www.widespreadschool.eu\/fi\/wp-json\/wp\/v2\/types\/page"}],"author":[{"embeddable":true,"href":"https:\/\/www.widespreadschool.eu\/fi\/wp-json\/wp\/v2\/users\/1"}],"replies":[{"embeddable":true,"href":"https:\/\/www.widespreadschool.eu\/fi\/wp-json\/wp\/v2\/comments?post=1115"}],"version-history":[{"count":5,"href":"https:\/\/www.widespreadschool.eu\/fi\/wp-json\/wp\/v2\/pages\/1115\/revisions"}],"predecessor-version":[{"id":1255,"href":"https:\/\/www.widespreadschool.eu\/fi\/wp-json\/wp\/v2\/pages\/1115\/revisions\/1255"}],"wp:attachment":[{"href":"https:\/\/www.widespreadschool.eu\/fi\/wp-json\/wp\/v2\/media?parent=1115"}],"curies":[{"name":"wp","href":"https:\/\/api.w.org\/{rel}","templated":true}]}}