{"id":1168,"date":"2024-06-25T15:45:40","date_gmt":"2024-06-25T13:45:40","guid":{"rendered":"https:\/\/www.widespreadschool.eu\/evastekaytanto\/"},"modified":"2025-03-06T16:26:33","modified_gmt":"2025-03-06T15:26:33","slug":"evastekaytanto","status":"publish","type":"page","link":"https:\/\/www.widespreadschool.eu\/fi\/evastekaytanto\/","title":{"rendered":"Ev\u00e4stek\u00e4yt\u00e4nt\u00f6"},"content":{"rendered":"\t\t<div data-elementor-type=\"wp-page\" data-elementor-id=\"1168\" class=\"elementor elementor-1168 elementor-378\" data-elementor-post-type=\"page\">\n\t\t\t\t<div class=\"elementor-element elementor-element-22d7ac9 e-flex e-con-boxed e-con e-parent\" data-id=\"22d7ac9\" data-element_type=\"container\" data-e-type=\"container\">\n\t\t\t\t\t<div class=\"e-con-inner\">\n\t\t\t\t<div class=\"elementor-element elementor-element-5525747 elementor-widget elementor-widget-shortcode\" data-id=\"5525747\" data-element_type=\"widget\" data-e-type=\"widget\" data-widget_type=\"shortcode.default\">\n\t\t\t\t<div class=\"elementor-widget-container\">\n\t\t\t\t\t\t\t<div class=\"elementor-shortcode\"><a href=\"https:\/\/www.iubenda.com\/privacy-policy\/97311244\/cookie-policy\" class=\"iubenda-white no-brand iubenda-noiframe iubenda-embed iubenda-noiframe iub-body-embed\" title=\"Cookie Policy\">Cookie Policy<\/a><script type=\"text\/javascript\">(function (w,d) {var loader = function () {var s = d.createElement(\"script\"), tag = d.getElementsByTagName(\"script\")[0]; s.src=\"https:\/\/cdn.iubenda.com\/iubenda.js\"; tag.parentNode.insertBefore(s,tag);}; if(w.addEventListener){w.addEventListener(\"load\", loader, false);}else if(w.attachEvent){w.attachEvent(\"onload\", loader);}else{w.onload = loader;}})(window, document);<\/script><\/div>\n\t\t\t\t\t\t<\/div>\n\t\t\t\t<\/div>\n\t\t\t\t\t<\/div>\n\t\t\t\t<\/div>\n\t\t\t\t<\/div>\n\t\t","protected":false},"excerpt":{"rendered":"<p>Cookie Policy<\/p>\n","protected":false},"author":2,"featured_media":0,"parent":0,"menu_order":0,"comment_status":"closed","ping_status":"closed","template":"elementor_header_footer","meta":{"_acf_changed":false,"footnotes":""},"class_list":["post-1168","page","type-page","status-publish","hentry"],"acf":[],"yoast_head":"<!-- This site is optimized with the Yoast SEO plugin v26.7 - https:\/\/yoast.com\/wordpress\/plugins\/seo\/ -->\n<title>Ev\u00e4stek\u00e4yt\u00e4nt\u00f6 - Widespread School<\/title>\n<meta name=\"description\" content=\"Tutustu Widespread Schoolin ev\u00e4steiden k\u00e4ytt\u00f6\u00f6n, mukaan lukien miten ker\u00e4\u00e4mme, k\u00e4yt\u00e4mme ja suojaamme tietojasi, kattavassa ev\u00e4stek\u00e4yt\u00e4nn\u00f6ss\u00e4mme.\" \/>\n<meta name=\"robots\" content=\"index, follow, max-snippet:-1, max-image-preview:large, max-video-preview:-1\" \/>\n<link rel=\"canonical\" href=\"https:\/\/www.widespreadschool.eu\/fi\/evastekaytanto\/\" \/>\n<meta property=\"og:locale\" content=\"fi_FI\" \/>\n<meta property=\"og:type\" content=\"article\" \/>\n<meta property=\"og:title\" content=\"Ev\u00e4stek\u00e4yt\u00e4nt\u00f6 - Widespread School\" \/>\n<meta property=\"og:description\" content=\"Tutustu Widespread Schoolin ev\u00e4steiden k\u00e4ytt\u00f6\u00f6n, mukaan lukien miten ker\u00e4\u00e4mme, k\u00e4yt\u00e4mme ja suojaamme tietojasi, kattavassa ev\u00e4stek\u00e4yt\u00e4nn\u00f6ss\u00e4mme.\" \/>\n<meta property=\"og:url\" content=\"https:\/\/www.widespreadschool.eu\/fi\/evastekaytanto\/\" \/>\n<meta property=\"og:site_name\" content=\"WIDESPREAD SCHOOL\" \/>\n<meta property=\"article:modified_time\" content=\"2025-03-06T15:26:33+00:00\" \/>\n<meta name=\"twitter:card\" content=\"summary_large_image\" \/>\n<script type=\"application\/ld+json\" class=\"yoast-schema-graph\">{\"@context\":\"https:\/\/schema.org\",\"@graph\":[{\"@type\":\"WebPage\",\"@id\":\"https:\/\/www.widespreadschool.eu\/fi\/evastekaytanto\/\",\"url\":\"https:\/\/www.widespreadschool.eu\/fi\/evastekaytanto\/\",\"name\":\"Ev\u00e4stek\u00e4yt\u00e4nt\u00f6 - Widespread School\",\"isPartOf\":{\"@id\":\"https:\/\/www.widespreadschool.eu\/fi\/#website\"},\"datePublished\":\"2024-06-25T13:45:40+00:00\",\"dateModified\":\"2025-03-06T15:26:33+00:00\",\"description\":\"Tutustu Widespread Schoolin ev\u00e4steiden k\u00e4ytt\u00f6\u00f6n, mukaan lukien miten ker\u00e4\u00e4mme, k\u00e4yt\u00e4mme ja suojaamme tietojasi, kattavassa ev\u00e4stek\u00e4yt\u00e4nn\u00f6ss\u00e4mme.\",\"breadcrumb\":{\"@id\":\"https:\/\/www.widespreadschool.eu\/fi\/evastekaytanto\/#breadcrumb\"},\"inLanguage\":\"fi\",\"potentialAction\":[{\"@type\":\"ReadAction\",\"target\":[\"https:\/\/www.widespreadschool.eu\/fi\/evastekaytanto\/\"]}]},{\"@type\":\"BreadcrumbList\",\"@id\":\"https:\/\/www.widespreadschool.eu\/fi\/evastekaytanto\/#breadcrumb\",\"itemListElement\":[{\"@type\":\"ListItem\",\"position\":1,\"name\":\"Home\",\"item\":\"https:\/\/www.widespreadschool.eu\/fi\/\"},{\"@type\":\"ListItem\",\"position\":2,\"name\":\"Ev\u00e4stek\u00e4yt\u00e4nt\u00f6\"}]},{\"@type\":\"WebSite\",\"@id\":\"https:\/\/www.widespreadschool.eu\/fi\/#website\",\"url\":\"https:\/\/www.widespreadschool.eu\/fi\/\",\"name\":\"WIDESPREAD SCHOOL\",\"description\":\"\",\"publisher\":{\"@id\":\"https:\/\/www.widespreadschool.eu\/fi\/#organization\"},\"potentialAction\":[{\"@type\":\"SearchAction\",\"target\":{\"@type\":\"EntryPoint\",\"urlTemplate\":\"https:\/\/www.widespreadschool.eu\/fi\/?s={search_term_string}\"},\"query-input\":{\"@type\":\"PropertyValueSpecification\",\"valueRequired\":true,\"valueName\":\"search_term_string\"}}],\"inLanguage\":\"fi\"},{\"@type\":\"Organization\",\"@id\":\"https:\/\/www.widespreadschool.eu\/fi\/#organization\",\"name\":\"WIDESPREAD SCHOOL\",\"url\":\"https:\/\/www.widespreadschool.eu\/fi\/\",\"logo\":{\"@type\":\"ImageObject\",\"inLanguage\":\"fi\",\"@id\":\"https:\/\/www.widespreadschool.eu\/fi\/#\/schema\/logo\/image\/\",\"url\":\"https:\/\/www.widespreadschool.eu\/wp-content\/uploads\/2024\/06\/widespread-logo.png\",\"contentUrl\":\"https:\/\/www.widespreadschool.eu\/wp-content\/uploads\/2024\/06\/widespread-logo.png\",\"width\":193,\"height\":70,\"caption\":\"WIDESPREAD SCHOOL\"},\"image\":{\"@id\":\"https:\/\/www.widespreadschool.eu\/fi\/#\/schema\/logo\/image\/\"}}]}<\/script>\n<!-- \/ Yoast SEO plugin. -->","yoast_head_json":{"title":"Ev\u00e4stek\u00e4yt\u00e4nt\u00f6 - Widespread School","description":"Tutustu Widespread Schoolin ev\u00e4steiden k\u00e4ytt\u00f6\u00f6n, mukaan lukien miten ker\u00e4\u00e4mme, k\u00e4yt\u00e4mme ja suojaamme tietojasi, kattavassa ev\u00e4stek\u00e4yt\u00e4nn\u00f6ss\u00e4mme.","robots":{"index":"index","follow":"follow","max-snippet":"max-snippet:-1","max-image-preview":"max-image-preview:large","max-video-preview":"max-video-preview:-1"},"canonical":"https:\/\/www.widespreadschool.eu\/fi\/evastekaytanto\/","og_locale":"fi_FI","og_type":"article","og_title":"Ev\u00e4stek\u00e4yt\u00e4nt\u00f6 - Widespread School","og_description":"Tutustu Widespread Schoolin ev\u00e4steiden k\u00e4ytt\u00f6\u00f6n, mukaan lukien miten ker\u00e4\u00e4mme, k\u00e4yt\u00e4mme ja suojaamme tietojasi, kattavassa ev\u00e4stek\u00e4yt\u00e4nn\u00f6ss\u00e4mme.","og_url":"https:\/\/www.widespreadschool.eu\/fi\/evastekaytanto\/","og_site_name":"WIDESPREAD SCHOOL","article_modified_time":"2025-03-06T15:26:33+00:00","twitter_card":"summary_large_image","schema":{"@context":"https:\/\/schema.org","@graph":[{"@type":"WebPage","@id":"https:\/\/www.widespreadschool.eu\/fi\/evastekaytanto\/","url":"https:\/\/www.widespreadschool.eu\/fi\/evastekaytanto\/","name":"Ev\u00e4stek\u00e4yt\u00e4nt\u00f6 - Widespread School","isPartOf":{"@id":"https:\/\/www.widespreadschool.eu\/fi\/#website"},"datePublished":"2024-06-25T13:45:40+00:00","dateModified":"2025-03-06T15:26:33+00:00","description":"Tutustu Widespread Schoolin ev\u00e4steiden k\u00e4ytt\u00f6\u00f6n, mukaan lukien miten ker\u00e4\u00e4mme, k\u00e4yt\u00e4mme ja suojaamme tietojasi, kattavassa ev\u00e4stek\u00e4yt\u00e4nn\u00f6ss\u00e4mme.","breadcrumb":{"@id":"https:\/\/www.widespreadschool.eu\/fi\/evastekaytanto\/#breadcrumb"},"inLanguage":"fi","potentialAction":[{"@type":"ReadAction","target":["https:\/\/www.widespreadschool.eu\/fi\/evastekaytanto\/"]}]},{"@type":"BreadcrumbList","@id":"https:\/\/www.widespreadschool.eu\/fi\/evastekaytanto\/#breadcrumb","itemListElement":[{"@type":"ListItem","position":1,"name":"Home","item":"https:\/\/www.widespreadschool.eu\/fi\/"},{"@type":"ListItem","position":2,"name":"Ev\u00e4stek\u00e4yt\u00e4nt\u00f6"}]},{"@type":"WebSite","@id":"https:\/\/www.widespreadschool.eu\/fi\/#website","url":"https:\/\/www.widespreadschool.eu\/fi\/","name":"WIDESPREAD SCHOOL","description":"","publisher":{"@id":"https:\/\/www.widespreadschool.eu\/fi\/#organization"},"potentialAction":[{"@type":"SearchAction","target":{"@type":"EntryPoint","urlTemplate":"https:\/\/www.widespreadschool.eu\/fi\/?s={search_term_string}"},"query-input":{"@type":"PropertyValueSpecification","valueRequired":true,"valueName":"search_term_string"}}],"inLanguage":"fi"},{"@type":"Organization","@id":"https:\/\/www.widespreadschool.eu\/fi\/#organization","name":"WIDESPREAD SCHOOL","url":"https:\/\/www.widespreadschool.eu\/fi\/","logo":{"@type":"ImageObject","inLanguage":"fi","@id":"https:\/\/www.widespreadschool.eu\/fi\/#\/schema\/logo\/image\/","url":"https:\/\/www.widespreadschool.eu\/wp-content\/uploads\/2024\/06\/widespread-logo.png","contentUrl":"https:\/\/www.widespreadschool.eu\/wp-content\/uploads\/2024\/06\/widespread-logo.png","width":193,"height":70,"caption":"WIDESPREAD SCHOOL"},"image":{"@id":"https:\/\/www.widespreadschool.eu\/fi\/#\/schema\/logo\/image\/"}}]}},"_links":{"self":[{"href":"https:\/\/www.widespreadschool.eu\/fi\/wp-json\/wp\/v2\/pages\/1168","targetHints":{"allow":["GET"]}}],"collection":[{"href":"https:\/\/www.widespreadschool.eu\/fi\/wp-json\/wp\/v2\/pages"}],"about":[{"href":"https:\/\/www.widespreadschool.eu\/fi\/wp-json\/wp\/v2\/types\/page"}],"author":[{"embeddable":true,"href":"https:\/\/www.widespreadschool.eu\/fi\/wp-json\/wp\/v2\/users\/2"}],"replies":[{"embeddable":true,"href":"https:\/\/www.widespreadschool.eu\/fi\/wp-json\/wp\/v2\/comments?post=1168"}],"version-history":[{"count":1,"href":"https:\/\/www.widespreadschool.eu\/fi\/wp-json\/wp\/v2\/pages\/1168\/revisions"}],"predecessor-version":[{"id":1169,"href":"https:\/\/www.widespreadschool.eu\/fi\/wp-json\/wp\/v2\/pages\/1168\/revisions\/1169"}],"wp:attachment":[{"href":"https:\/\/www.widespreadschool.eu\/fi\/wp-json\/wp\/v2\/media?parent=1168"}],"curies":[{"name":"wp","href":"https:\/\/api.w.org\/{rel}","templated":true}]}}