{"id":1107,"date":"2024-06-17T22:58:05","date_gmt":"2024-06-17T20:58:05","guid":{"rendered":"https:\/\/www.widespreadschool.eu\/projekt\/"},"modified":"2025-03-11T12:17:03","modified_gmt":"2025-03-11T11:17:03","slug":"projekt","status":"publish","type":"page","link":"https:\/\/www.widespreadschool.eu\/hr\/projekt\/","title":{"rendered":"PROJEKT"},"content":{"rendered":"\t\t<div data-elementor-type=\"wp-page\" data-elementor-id=\"1107\" class=\"elementor elementor-1107 elementor-15\" data-elementor-post-type=\"page\">\n\t\t\t\t<div class=\"elementor-element elementor-element-838eeff e-con-full e-flex e-con e-parent\" data-id=\"838eeff\" data-element_type=\"container\" data-e-type=\"container\" data-settings=\"{&quot;background_background&quot;:&quot;classic&quot;}\">\n\t\t<div class=\"elementor-element elementor-element-4cff412 e-con-full e-flex e-con e-child\" data-id=\"4cff412\" data-element_type=\"container\" data-e-type=\"container\" data-settings=\"{&quot;background_background&quot;:&quot;classic&quot;}\">\n\t\t\t\t<\/div>\n\t\t<div class=\"elementor-element elementor-element-d837462 e-flex e-con-boxed e-con e-child\" data-id=\"d837462\" data-element_type=\"container\" data-e-type=\"container\">\n\t\t\t\t\t<div class=\"e-con-inner\">\n\t\t\t\t<div class=\"elementor-element elementor-element-e37efee elementor-widget elementor-widget-heading\" data-id=\"e37efee\" data-element_type=\"widget\" data-e-type=\"widget\" data-widget_type=\"heading.default\">\n\t\t\t\t<div class=\"elementor-widget-container\">\n\t\t\t\t\t<h1 class=\"elementor-heading-title elementor-size-default\">PROJEKT<\/h1>\t\t\t\t<\/div>\n\t\t\t\t<\/div>\n\t\t\t\t\t<\/div>\n\t\t\t\t<\/div>\n\t\t\t\t<\/div>\n\t\t<div class=\"elementor-element elementor-element-a8917b5 e-flex e-con-boxed e-con e-parent\" data-id=\"a8917b5\" data-element_type=\"container\" data-e-type=\"container\" data-settings=\"{&quot;background_background&quot;:&quot;classic&quot;}\">\n\t\t\t\t\t<div class=\"e-con-inner\">\n\t\t<div class=\"elementor-element elementor-element-79a62c1 e-con-full e-flex e-con e-child\" data-id=\"79a62c1\" data-element_type=\"container\" data-e-type=\"container\">\n\t\t\t\t<div class=\"elementor-element elementor-element-6fd80ff elementor-widget elementor-widget-heading\" data-id=\"6fd80ff\" data-element_type=\"widget\" data-e-type=\"widget\" data-widget_type=\"heading.default\">\n\t\t\t\t<div class=\"elementor-widget-container\">\n\t\t\t\t\t<h2 class=\"elementor-heading-title elementor-size-default\">Widespread School<\/h2>\t\t\t\t<\/div>\n\t\t\t\t<\/div>\n\t\t\t\t<div class=\"elementor-element elementor-element-847358e elementor-widget elementor-widget-heading\" data-id=\"847358e\" data-element_type=\"widget\" data-e-type=\"widget\" data-widget_type=\"heading.default\">\n\t\t\t\t<div class=\"elementor-widget-container\">\n\t\t\t\t\t<div class=\"elementor-heading-title elementor-size-default\">Inovativni pristupi podu\u010davanju <br> izvan u\u010dionice<\/div>\t\t\t\t<\/div>\n\t\t\t\t<\/div>\n\t\t\t\t<\/div>\n\t\t<div class=\"elementor-element elementor-element-5ce26b1 e-con-full elementor-hidden-mobile e-flex e-con e-child\" data-id=\"5ce26b1\" data-element_type=\"container\" data-e-type=\"container\">\n\t\t\t\t<\/div>\n\t\t\t\t\t<\/div>\n\t\t\t\t<\/div>\n\t\t<div class=\"elementor-element elementor-element-71f61eb e-flex e-con-boxed e-con e-parent\" data-id=\"71f61eb\" data-element_type=\"container\" data-e-type=\"container\" data-settings=\"{&quot;background_background&quot;:&quot;classic&quot;}\">\n\t\t\t\t\t<div class=\"e-con-inner\">\n\t\t\t\t<div class=\"elementor-element elementor-element-ad5a7b4 elementor-widget elementor-widget-text-editor\" data-id=\"ad5a7b4\" data-element_type=\"widget\" data-e-type=\"widget\" data-widget_type=\"text-editor.default\">\n\t\t\t\t<div class=\"elementor-widget-container\">\n\t\t\t\t\t\t\t\t\t<p>Rije\u010d je o europskom projektu financiranom iz programa Erasmus+ \u2013 akcija KA220. Predvodi ga Grad Reggio Emilia iz Italije, a uklju\u010duje sedam partnera s raznovrsnim kompetencijama u \u0161kolskom i obrazovnom sektoru. Me\u0111u partnerima su tri iz Italije: Grad Reggio Emilia, Zaklada Reggio Children i Sveu\u010dili\u0161te u Modeni i Reggio Emiliji; jedan partner iz Hrvatske: Grad Zadar; jedan partner iz Finske: \u0160kola Saunalahti; i dva partnera iz \u0160panjolske: \u0160kola Carme Auguet i Sveu\u010dili\u0161te u Gironi.<\/p>\n<p>Projekt proizlazi iz iskustva \u201cScuola Diffusa\u201d koja je nastala u Reggio Emiliji tijekom pandemije Covid-19 kao rje\u0161enje za promicanje nastavka nastave u\u017eivo tijekom zdravstvene krize.<\/p>\n<p>Crpe\u0107i inspiraciju iz iskustva Scuola Diffusa, projekt ima za cilj revolucionirati metode podu\u010davanja izvan tradicionalnih u\u010dionica promicanjem integracije pristupa obrazovanja izvan u\u010dionice (Education Outside the Classroom &#8211; EOC) unutar obrazovnog konteksta partnera, razmatraju\u0107i zajednice kao vrijedne obrazovne resurse i oboga\u0107uju\u0107i \u0161kolske sustave.<\/p>\n<p>Primarni ciljevi uklju\u010duju pobolj\u0161anje kvalitete osnovnog i ni\u017eeg srednjeg obrazovanja, ja\u010danje kompetencija nastavnika i pozitivan utjecaj na u\u010denike poticanjem klju\u010dnih kompetencija kao \u0161to su kriti\u010dko razmi\u0161ljanje i kreativnost.<\/p>\n\t\t\t\t\t\t\t\t<\/div>\n\t\t\t\t<\/div>\n\t\t\t\t\t<\/div>\n\t\t\t\t<\/div>\n\t\t<div class=\"elementor-element elementor-element-21cf891 e-flex e-con-boxed e-con e-parent\" data-id=\"21cf891\" data-element_type=\"container\" data-e-type=\"container\" data-settings=\"{&quot;background_background&quot;:&quot;classic&quot;}\">\n\t\t\t\t\t<div class=\"e-con-inner\">\n\t\t\t\t<div class=\"elementor-element elementor-element-d276032 elementor-widget__width-auto elementor-absolute elementor-widget elementor-widget-image\" data-id=\"d276032\" data-element_type=\"widget\" data-e-type=\"widget\" data-settings=\"{&quot;_position&quot;:&quot;absolute&quot;}\" data-widget_type=\"image.default\">\n\t\t\t\t<div class=\"elementor-widget-container\">\n\t\t\t\t\t\t\t\t\t\t\t\t\t\t\t<img fetchpriority=\"high\" decoding=\"async\" width=\"138\" height=\"502\" src=\"https:\/\/www.widespreadschool.eu\/wp-content\/uploads\/2024\/06\/Isolation_Mode-2.png\" class=\"attachment-large size-large wp-image-829\" alt=\"\" \/>\t\t\t\t\t\t\t\t\t\t\t\t\t\t\t<\/div>\n\t\t\t\t<\/div>\n\t\t\t\t<div class=\"elementor-element elementor-element-c030381 elementor-widget elementor-widget-image\" data-id=\"c030381\" data-element_type=\"widget\" data-e-type=\"widget\" data-widget_type=\"image.default\">\n\t\t\t\t<div class=\"elementor-widget-container\">\n\t\t\t\t\t\t\t\t\t\t\t\t\t\t\t<img decoding=\"async\" width=\"1197\" height=\"373\" src=\"https:\/\/www.widespreadschool.eu\/wp-content\/uploads\/2024\/06\/shutterstock_559448341-1.jpg\" class=\"attachment-full size-full wp-image-712\" alt=\"\" srcset=\"https:\/\/www.widespreadschool.eu\/wp-content\/uploads\/2024\/06\/shutterstock_559448341-1.jpg 1197w, https:\/\/www.widespreadschool.eu\/wp-content\/uploads\/2024\/06\/shutterstock_559448341-1-300x93.jpg 300w, https:\/\/www.widespreadschool.eu\/wp-content\/uploads\/2024\/06\/shutterstock_559448341-1-1024x319.jpg 1024w, https:\/\/www.widespreadschool.eu\/wp-content\/uploads\/2024\/06\/shutterstock_559448341-1-768x239.jpg 768w\" sizes=\"(max-width: 1197px) 100vw, 1197px\" \/>\t\t\t\t\t\t\t\t\t\t\t\t\t\t\t<\/div>\n\t\t\t\t<\/div>\n\t\t\t\t\t<\/div>\n\t\t\t\t<\/div>\n\t\t<div class=\"elementor-element elementor-element-86190b9 e-flex e-con-boxed e-con e-parent\" data-id=\"86190b9\" data-element_type=\"container\" data-e-type=\"container\" data-settings=\"{&quot;background_background&quot;:&quot;classic&quot;}\">\n\t\t\t\t\t<div class=\"e-con-inner\">\n\t\t\t\t<div class=\"elementor-element elementor-element-4f20b37 elementor-widget elementor-widget-heading\" data-id=\"4f20b37\" data-element_type=\"widget\" data-e-type=\"widget\" data-widget_type=\"heading.default\">\n\t\t\t\t<div class=\"elementor-widget-container\">\n\t\t\t\t\t<h2 class=\"elementor-heading-title elementor-size-default\">\u0160to je \u0160IROKO RASPROSTRANJENO OBRAZOVANJE? <\/h2>\t\t\t\t<\/div>\n\t\t\t\t<\/div>\n\t\t\t\t<div class=\"elementor-element elementor-element-1a99b39 elementor-widget elementor-widget-text-editor\" data-id=\"1a99b39\" data-element_type=\"widget\" data-e-type=\"widget\" data-widget_type=\"text-editor.default\">\n\t\t\t\t<div class=\"elementor-widget-container\">\n\t\t\t\t\t\t\t\t\t<p>Rije\u010d je o europskom projektu financiranom iz programa Erasmus+ \u2013 akcija KA220. Predvodi ga Grad Reggio Emilia iz Italije, a uklju\u010duje sedam partnera s raznovrsnim kompetencijama u \u0161kolskom i obrazovnom sektoru. Me\u0111u partnerima su tri iz Italije: Grad Reggio Emilia, Zaklada Reggio Children i Sveu\u010dili\u0161te u Modeni i Reggio Emiliji; jedan partner iz Hrvatske: Grad Zadar; jedan partner iz Finske: \u0160kola Saunalahti; i dva partnera iz \u0160panjolske: \u0160kola Carme Auguet i Sveu\u010dili\u0161te u Gironi.<\/p>\n<p>Projekt proizlazi iz iskustva \u201cScuola Diffusa\u201d koja je nastala u Reggio Emiliji tijekom pandemije Covid-19 kao rje\u0161enje za promicanje nastavka nastave u\u017eivo tijekom zdravstvene krize.<\/p>\n<p>Crpe\u0107i inspiraciju iz iskustva Scuola Diffusa, projekt ima za cilj revolucionirati metode podu\u010davanja izvan tradicionalnih u\u010dionica promicanjem integracije pristupa obrazovanja izvan u\u010dionice (Education Outside the Classroom &#8211; EOC) unutar obrazovnog konteksta partnera, razmatraju\u0107i zajednice kao vrijedne obrazovne resurse i oboga\u0107uju\u0107i \u0161kolske sustave.<\/p>\n<p>Primarni ciljevi uklju\u010duju pobolj\u0161anje kvalitete osnovnog i ni\u017eeg srednjeg obrazovanja, ja\u010danje kompetencija nastavnika i pozitivan utjecaj na u\u010denike poticanjem klju\u010dnih kompetencija kao \u0161to su kriti\u010dko razmi\u0161ljanje i kreativnost.<\/p>\n\t\t\t\t\t\t\t\t<\/div>\n\t\t\t\t<\/div>\n\t\t\t\t<div class=\"elementor-element elementor-element-1266f76 elementor-widget elementor-widget-heading\" data-id=\"1266f76\" data-element_type=\"widget\" data-e-type=\"widget\" data-widget_type=\"heading.default\">\n\t\t\t\t<div class=\"elementor-widget-container\">\n\t\t\t\t\t<h3 class=\"elementor-heading-title elementor-size-default\">Widespread School karakterizira:<\/h3>\t\t\t\t<\/div>\n\t\t\t\t<\/div>\n\t\t\t\t<div class=\"elementor-element elementor-element-190fd80 elementor-widget elementor-widget-text-editor\" data-id=\"190fd80\" data-element_type=\"widget\" data-e-type=\"widget\" data-widget_type=\"text-editor.default\">\n\t\t\t\t<div class=\"elementor-widget-container\">\n\t\t\t\t\t\t\t\t\t<p>Rije\u010d je o europskom projektu financiranom iz programa Erasmus+ \u2013 akcija KA220. Predvodi ga Grad Reggio Emilia iz Italije, a uklju\u010duje sedam partnera s raznovrsnim kompetencijama u \u0161kolskom i obrazovnom sektoru. Me\u0111u partnerima su tri iz Italije: Grad Reggio Emilia, Zaklada Reggio Children i Sveu\u010dili\u0161te u Modeni i Reggio Emiliji; jedan partner iz Hrvatske: Grad Zadar; jedan partner iz Finske: \u0160kola Saunalahti; i dva partnera iz \u0160panjolske: \u0160kola Carme Auguet i Sveu\u010dili\u0161te u Gironi.<\/p>\n<p>Projekt proizlazi iz iskustva \u201cScuola Diffusa\u201d koja je nastala u Reggio Emiliji tijekom pandemije Covid-19 kao rje\u0161enje za promicanje nastavka nastave u\u017eivo tijekom zdravstvene krize.<\/p>\n<p>Crpe\u0107i inspiraciju iz iskustva Scuola Diffusa, projekt ima za cilj revolucionirati metode podu\u010davanja izvan tradicionalnih u\u010dionica promicanjem integracije pristupa obrazovanja izvan u\u010dionice (Education Outside the Classroom &#8211; EOC) unutar obrazovnog konteksta partnera, razmatraju\u0107i zajednice kao vrijedne obrazovne resurse i oboga\u0107uju\u0107i \u0161kolske sustave.<\/p>\n<p>Primarni ciljevi uklju\u010duju pobolj\u0161anje kvalitete osnovnog i ni\u017eeg srednjeg obrazovanja, ja\u010danje kompetencija nastavnika i pozitivan utjecaj na u\u010denike poticanjem klju\u010dnih kompetencija kao \u0161to su kriti\u010dko razmi\u0161ljanje i kreativnost.<\/p>\n\t\t\t\t\t\t\t\t<\/div>\n\t\t\t\t<\/div>\n\t\t\t\t\t<\/div>\n\t\t\t\t<\/div>\n\t\t\t\t<\/div>\n\t\t","protected":false},"excerpt":{"rendered":"<p>PROJEKT Widespread School Inovativni pristupi podu\u010davanju izvan u\u010dionice Rije\u010d je o europskom projektu financiranom iz programa Erasmus+ \u2013 akcija KA220. Predvodi ga Grad Reggio Emilia iz Italije, a uklju\u010duje sedam partnera s raznovrsnim kompetencijama u \u0161kolskom i obrazovnom sektoru. Me\u0111u partnerima su tri iz Italije: Grad Reggio Emilia, Zaklada Reggio Children i Sveu\u010dili\u0161te u Modeni [&hellip;]<\/p>\n","protected":false},"author":1,"featured_media":0,"parent":0,"menu_order":0,"comment_status":"closed","ping_status":"closed","template":"","meta":{"_acf_changed":false,"footnotes":""},"class_list":["post-1107","page","type-page","status-publish","hentry"],"acf":[],"yoast_head":"<!-- This site is optimized with the Yoast SEO plugin v26.7 - https:\/\/yoast.com\/wordpress\/plugins\/seo\/ -->\n<title>Projekt - Ra\u0161ireni \u0161kolski inovativni pristupi podu\u010davanju<\/title>\n<meta name=\"description\" content=\"Otkrijte Widespread School, Erasmus+ projekt Reggio Emilije, koji unapre\u0111uje obrazovanje kroz inovativne metode podu\u010davanja i u\u010denje u zajednici.\" \/>\n<meta name=\"robots\" content=\"index, follow, max-snippet:-1, max-image-preview:large, max-video-preview:-1\" \/>\n<link rel=\"canonical\" href=\"https:\/\/www.widespreadschool.eu\/hr\/projekt\/\" \/>\n<meta property=\"og:locale\" content=\"hr_HR\" \/>\n<meta property=\"og:type\" content=\"article\" \/>\n<meta property=\"og:title\" content=\"Projekt - Ra\u0161ireni \u0161kolski inovativni pristupi podu\u010davanju\" \/>\n<meta property=\"og:description\" content=\"Otkrijte Widespread School, Erasmus+ projekt Reggio Emilije, koji unapre\u0111uje obrazovanje kroz inovativne metode podu\u010davanja i u\u010denje u zajednici.\" \/>\n<meta property=\"og:url\" content=\"https:\/\/www.widespreadschool.eu\/hr\/projekt\/\" \/>\n<meta property=\"og:site_name\" content=\"WIDESPREAD SCHOOL\" \/>\n<meta property=\"article:modified_time\" content=\"2025-03-11T11:17:03+00:00\" \/>\n<meta property=\"og:image\" content=\"https:\/\/www.widespreadschool.eu\/wp-content\/uploads\/2024\/06\/Isolation_Mode-2.png\" \/>\n\t<meta property=\"og:image:width\" content=\"138\" \/>\n\t<meta property=\"og:image:height\" content=\"502\" \/>\n\t<meta property=\"og:image:type\" content=\"image\/png\" \/>\n<meta name=\"twitter:card\" content=\"summary_large_image\" \/>\n<meta name=\"twitter:label1\" content=\"Procijenjeno vrijeme \u010ditanja\" \/>\n\t<meta name=\"twitter:data1\" content=\"3 minute\" \/>\n<script type=\"application\/ld+json\" class=\"yoast-schema-graph\">{\"@context\":\"https:\/\/schema.org\",\"@graph\":[{\"@type\":\"WebPage\",\"@id\":\"https:\/\/www.widespreadschool.eu\/hr\/projekt\/\",\"url\":\"https:\/\/www.widespreadschool.eu\/hr\/projekt\/\",\"name\":\"Projekt - Ra\u0161ireni \u0161kolski inovativni pristupi podu\u010davanju\",\"isPartOf\":{\"@id\":\"https:\/\/www.widespreadschool.eu\/hr\/#website\"},\"primaryImageOfPage\":{\"@id\":\"https:\/\/www.widespreadschool.eu\/hr\/projekt\/#primaryimage\"},\"image\":{\"@id\":\"https:\/\/www.widespreadschool.eu\/hr\/projekt\/#primaryimage\"},\"thumbnailUrl\":\"https:\/\/www.widespreadschool.eu\/wp-content\/uploads\/2024\/06\/Isolation_Mode-2.png\",\"datePublished\":\"2024-06-17T20:58:05+00:00\",\"dateModified\":\"2025-03-11T11:17:03+00:00\",\"description\":\"Otkrijte Widespread School, Erasmus+ projekt Reggio Emilije, koji unapre\u0111uje obrazovanje kroz inovativne metode podu\u010davanja i u\u010denje u zajednici.\",\"breadcrumb\":{\"@id\":\"https:\/\/www.widespreadschool.eu\/hr\/projekt\/#breadcrumb\"},\"inLanguage\":\"hr\",\"potentialAction\":[{\"@type\":\"ReadAction\",\"target\":[\"https:\/\/www.widespreadschool.eu\/hr\/projekt\/\"]}]},{\"@type\":\"ImageObject\",\"inLanguage\":\"hr\",\"@id\":\"https:\/\/www.widespreadschool.eu\/hr\/projekt\/#primaryimage\",\"url\":\"https:\/\/www.widespreadschool.eu\/wp-content\/uploads\/2024\/06\/Isolation_Mode-2.png\",\"contentUrl\":\"https:\/\/www.widespreadschool.eu\/wp-content\/uploads\/2024\/06\/Isolation_Mode-2.png\"},{\"@type\":\"BreadcrumbList\",\"@id\":\"https:\/\/www.widespreadschool.eu\/hr\/projekt\/#breadcrumb\",\"itemListElement\":[{\"@type\":\"ListItem\",\"position\":1,\"name\":\"Home\",\"item\":\"https:\/\/www.widespreadschool.eu\/hr\/\"},{\"@type\":\"ListItem\",\"position\":2,\"name\":\"PROJEKT\"}]},{\"@type\":\"WebSite\",\"@id\":\"https:\/\/www.widespreadschool.eu\/hr\/#website\",\"url\":\"https:\/\/www.widespreadschool.eu\/hr\/\",\"name\":\"WIDESPREAD SCHOOL\",\"description\":\"\",\"publisher\":{\"@id\":\"https:\/\/www.widespreadschool.eu\/hr\/#organization\"},\"potentialAction\":[{\"@type\":\"SearchAction\",\"target\":{\"@type\":\"EntryPoint\",\"urlTemplate\":\"https:\/\/www.widespreadschool.eu\/hr\/?s={search_term_string}\"},\"query-input\":{\"@type\":\"PropertyValueSpecification\",\"valueRequired\":true,\"valueName\":\"search_term_string\"}}],\"inLanguage\":\"hr\"},{\"@type\":\"Organization\",\"@id\":\"https:\/\/www.widespreadschool.eu\/hr\/#organization\",\"name\":\"WIDESPREAD SCHOOL\",\"url\":\"https:\/\/www.widespreadschool.eu\/hr\/\",\"logo\":{\"@type\":\"ImageObject\",\"inLanguage\":\"hr\",\"@id\":\"https:\/\/www.widespreadschool.eu\/hr\/#\/schema\/logo\/image\/\",\"url\":\"https:\/\/www.widespreadschool.eu\/wp-content\/uploads\/2024\/06\/widespread-logo.png\",\"contentUrl\":\"https:\/\/www.widespreadschool.eu\/wp-content\/uploads\/2024\/06\/widespread-logo.png\",\"width\":193,\"height\":70,\"caption\":\"WIDESPREAD SCHOOL\"},\"image\":{\"@id\":\"https:\/\/www.widespreadschool.eu\/hr\/#\/schema\/logo\/image\/\"}}]}<\/script>\n<!-- \/ Yoast SEO plugin. -->","yoast_head_json":{"title":"Projekt - Ra\u0161ireni \u0161kolski inovativni pristupi podu\u010davanju","description":"Otkrijte Widespread School, Erasmus+ projekt Reggio Emilije, koji unapre\u0111uje obrazovanje kroz inovativne metode podu\u010davanja i u\u010denje u zajednici.","robots":{"index":"index","follow":"follow","max-snippet":"max-snippet:-1","max-image-preview":"max-image-preview:large","max-video-preview":"max-video-preview:-1"},"canonical":"https:\/\/www.widespreadschool.eu\/hr\/projekt\/","og_locale":"hr_HR","og_type":"article","og_title":"Projekt - Ra\u0161ireni \u0161kolski inovativni pristupi podu\u010davanju","og_description":"Otkrijte Widespread School, Erasmus+ projekt Reggio Emilije, koji unapre\u0111uje obrazovanje kroz inovativne metode podu\u010davanja i u\u010denje u zajednici.","og_url":"https:\/\/www.widespreadschool.eu\/hr\/projekt\/","og_site_name":"WIDESPREAD SCHOOL","article_modified_time":"2025-03-11T11:17:03+00:00","og_image":[{"width":138,"height":502,"url":"https:\/\/www.widespreadschool.eu\/wp-content\/uploads\/2024\/06\/Isolation_Mode-2.png","type":"image\/png"}],"twitter_card":"summary_large_image","twitter_misc":{"Procijenjeno vrijeme \u010ditanja":"3 minute"},"schema":{"@context":"https:\/\/schema.org","@graph":[{"@type":"WebPage","@id":"https:\/\/www.widespreadschool.eu\/hr\/projekt\/","url":"https:\/\/www.widespreadschool.eu\/hr\/projekt\/","name":"Projekt - Ra\u0161ireni \u0161kolski inovativni pristupi podu\u010davanju","isPartOf":{"@id":"https:\/\/www.widespreadschool.eu\/hr\/#website"},"primaryImageOfPage":{"@id":"https:\/\/www.widespreadschool.eu\/hr\/projekt\/#primaryimage"},"image":{"@id":"https:\/\/www.widespreadschool.eu\/hr\/projekt\/#primaryimage"},"thumbnailUrl":"https:\/\/www.widespreadschool.eu\/wp-content\/uploads\/2024\/06\/Isolation_Mode-2.png","datePublished":"2024-06-17T20:58:05+00:00","dateModified":"2025-03-11T11:17:03+00:00","description":"Otkrijte Widespread School, Erasmus+ projekt Reggio Emilije, koji unapre\u0111uje obrazovanje kroz inovativne metode podu\u010davanja i u\u010denje u zajednici.","breadcrumb":{"@id":"https:\/\/www.widespreadschool.eu\/hr\/projekt\/#breadcrumb"},"inLanguage":"hr","potentialAction":[{"@type":"ReadAction","target":["https:\/\/www.widespreadschool.eu\/hr\/projekt\/"]}]},{"@type":"ImageObject","inLanguage":"hr","@id":"https:\/\/www.widespreadschool.eu\/hr\/projekt\/#primaryimage","url":"https:\/\/www.widespreadschool.eu\/wp-content\/uploads\/2024\/06\/Isolation_Mode-2.png","contentUrl":"https:\/\/www.widespreadschool.eu\/wp-content\/uploads\/2024\/06\/Isolation_Mode-2.png"},{"@type":"BreadcrumbList","@id":"https:\/\/www.widespreadschool.eu\/hr\/projekt\/#breadcrumb","itemListElement":[{"@type":"ListItem","position":1,"name":"Home","item":"https:\/\/www.widespreadschool.eu\/hr\/"},{"@type":"ListItem","position":2,"name":"PROJEKT"}]},{"@type":"WebSite","@id":"https:\/\/www.widespreadschool.eu\/hr\/#website","url":"https:\/\/www.widespreadschool.eu\/hr\/","name":"WIDESPREAD SCHOOL","description":"","publisher":{"@id":"https:\/\/www.widespreadschool.eu\/hr\/#organization"},"potentialAction":[{"@type":"SearchAction","target":{"@type":"EntryPoint","urlTemplate":"https:\/\/www.widespreadschool.eu\/hr\/?s={search_term_string}"},"query-input":{"@type":"PropertyValueSpecification","valueRequired":true,"valueName":"search_term_string"}}],"inLanguage":"hr"},{"@type":"Organization","@id":"https:\/\/www.widespreadschool.eu\/hr\/#organization","name":"WIDESPREAD SCHOOL","url":"https:\/\/www.widespreadschool.eu\/hr\/","logo":{"@type":"ImageObject","inLanguage":"hr","@id":"https:\/\/www.widespreadschool.eu\/hr\/#\/schema\/logo\/image\/","url":"https:\/\/www.widespreadschool.eu\/wp-content\/uploads\/2024\/06\/widespread-logo.png","contentUrl":"https:\/\/www.widespreadschool.eu\/wp-content\/uploads\/2024\/06\/widespread-logo.png","width":193,"height":70,"caption":"WIDESPREAD SCHOOL"},"image":{"@id":"https:\/\/www.widespreadschool.eu\/hr\/#\/schema\/logo\/image\/"}}]}},"_links":{"self":[{"href":"https:\/\/www.widespreadschool.eu\/hr\/wp-json\/wp\/v2\/pages\/1107","targetHints":{"allow":["GET"]}}],"collection":[{"href":"https:\/\/www.widespreadschool.eu\/hr\/wp-json\/wp\/v2\/pages"}],"about":[{"href":"https:\/\/www.widespreadschool.eu\/hr\/wp-json\/wp\/v2\/types\/page"}],"author":[{"embeddable":true,"href":"https:\/\/www.widespreadschool.eu\/hr\/wp-json\/wp\/v2\/users\/1"}],"replies":[{"embeddable":true,"href":"https:\/\/www.widespreadschool.eu\/hr\/wp-json\/wp\/v2\/comments?post=1107"}],"version-history":[{"count":5,"href":"https:\/\/www.widespreadschool.eu\/hr\/wp-json\/wp\/v2\/pages\/1107\/revisions"}],"predecessor-version":[{"id":1254,"href":"https:\/\/www.widespreadschool.eu\/hr\/wp-json\/wp\/v2\/pages\/1107\/revisions\/1254"}],"wp:attachment":[{"href":"https:\/\/www.widespreadschool.eu\/hr\/wp-json\/wp\/v2\/media?parent=1107"}],"curies":[{"name":"wp","href":"https:\/\/api.w.org\/{rel}","templated":true}]}}