{"id":1111,"date":"2024-06-17T22:59:09","date_gmt":"2024-06-17T20:59:09","guid":{"rendered":"https:\/\/www.widespreadschool.eu\/resursi\/"},"modified":"2025-03-11T12:17:49","modified_gmt":"2025-03-11T11:17:49","slug":"resursi","status":"publish","type":"page","link":"https:\/\/www.widespreadschool.eu\/hr\/resursi\/","title":{"rendered":"RESURSI"},"content":{"rendered":"\t\t<div data-elementor-type=\"wp-page\" data-elementor-id=\"1111\" class=\"elementor elementor-1111 elementor-21\" data-elementor-post-type=\"page\">\n\t\t\t\t<div class=\"elementor-element elementor-element-40b0c6e e-con-full e-flex e-con e-parent\" data-id=\"40b0c6e\" data-element_type=\"container\" data-e-type=\"container\" data-settings=\"{&quot;background_background&quot;:&quot;classic&quot;}\">\n\t\t<div class=\"elementor-element elementor-element-1c57629 e-con-full e-flex e-con e-child\" data-id=\"1c57629\" data-element_type=\"container\" data-e-type=\"container\" data-settings=\"{&quot;background_background&quot;:&quot;classic&quot;}\">\n\t\t\t\t<\/div>\n\t\t<div class=\"elementor-element elementor-element-7427d85 e-flex e-con-boxed e-con e-child\" data-id=\"7427d85\" data-element_type=\"container\" data-e-type=\"container\">\n\t\t\t\t\t<div class=\"e-con-inner\">\n\t\t\t\t<div class=\"elementor-element elementor-element-3fdc20a elementor-widget elementor-widget-heading\" data-id=\"3fdc20a\" data-element_type=\"widget\" data-e-type=\"widget\" data-widget_type=\"heading.default\">\n\t\t\t\t<div class=\"elementor-widget-container\">\n\t\t\t\t\t<h1 class=\"elementor-heading-title elementor-size-default\">RESURSI<\/h1>\t\t\t\t<\/div>\n\t\t\t\t<\/div>\n\t\t\t\t\t<\/div>\n\t\t\t\t<\/div>\n\t\t\t\t<\/div>\n\t\t<div class=\"elementor-element elementor-element-5036e63 e-flex e-con-boxed e-con e-parent\" data-id=\"5036e63\" data-element_type=\"container\" data-e-type=\"container\" data-settings=\"{&quot;background_background&quot;:&quot;classic&quot;}\">\n\t\t\t\t\t<div class=\"e-con-inner\">\n\t\t<div class=\"elementor-element elementor-element-3c5a66a e-con-full e-flex e-con e-child\" data-id=\"3c5a66a\" data-element_type=\"container\" data-e-type=\"container\" data-settings=\"{&quot;background_background&quot;:&quot;classic&quot;}\">\n\t\t\t\t<div class=\"elementor-element elementor-element-def9677 elementor-widget elementor-widget-image\" data-id=\"def9677\" data-element_type=\"widget\" data-e-type=\"widget\" data-widget_type=\"image.default\">\n\t\t\t\t<div class=\"elementor-widget-container\">\n\t\t\t\t\t\t\t\t\t\t\t\t\t\t\t<img decoding=\"async\" width=\"104\" height=\"120\" src=\"https:\/\/www.widespreadschool.eu\/wp-content\/uploads\/2024\/06\/Layer_1.png\" class=\"attachment-large size-large wp-image-694\" alt=\"\" \/>\t\t\t\t\t\t\t\t\t\t\t\t\t\t\t<\/div>\n\t\t\t\t<\/div>\n\t\t<div class=\"elementor-element elementor-element-afa7ccf e-con-full e-flex e-con e-child\" data-id=\"afa7ccf\" data-element_type=\"container\" data-e-type=\"container\">\n\t\t\t\t<div class=\"elementor-element elementor-element-ddc3534 elementor-widget elementor-widget-heading\" data-id=\"ddc3534\" data-element_type=\"widget\" data-e-type=\"widget\" data-widget_type=\"heading.default\">\n\t\t\t\t<div class=\"elementor-widget-container\">\n\t\t\t\t\t<div class=\"elementor-heading-title elementor-size-default\">KNJI\u017dICA<\/div>\t\t\t\t<\/div>\n\t\t\t\t<\/div>\n\t\t\t\t<div class=\"elementor-element elementor-element-4d72326 elementor-widget elementor-widget-heading\" data-id=\"4d72326\" data-element_type=\"widget\" data-e-type=\"widget\" data-widget_type=\"heading.default\">\n\t\t\t\t<div class=\"elementor-widget-container\">\n\t\t\t\t\t<div class=\"elementor-heading-title elementor-size-default\">Obrazovni vodi\u010d za u\u010ditelje<\/div>\t\t\t\t<\/div>\n\t\t\t\t<\/div>\n\t\t\t\t<div class=\"elementor-element elementor-element-90db312 yellow_button elementor-widget elementor-widget-button\" data-id=\"90db312\" data-element_type=\"widget\" data-e-type=\"widget\" data-widget_type=\"button.default\">\n\t\t\t\t<div class=\"elementor-widget-container\">\n\t\t\t\t\t\t\t\t\t<div class=\"elementor-button-wrapper\">\n\t\t\t\t\t<a class=\"elementor-button elementor-button-link elementor-size-sm\" href=\"https:\/\/www.widespreadschool.eu\/wp-content\/uploads\/2024\/07\/WidespreadEducation_BOOKLET_final.pdf\" target=\"_blank\">\n\t\t\t\t\t\t<span class=\"elementor-button-content-wrapper\">\n\t\t\t\t\t\t<span class=\"elementor-button-icon\">\n\t\t\t\t<svg xmlns=\"http:\/\/www.w3.org\/2000\/svg\" width=\"28\" height=\"14\" viewBox=\"0 0 28 14\" fill=\"none\"><g clip-path=\"url(#clip0_485_466)\"><path d=\"M3.20466 7.30421C9.20856 7.54764 16.2358 7.44665 23.97 7.7107\" stroke=\"#FFC909\" stroke-width=\"3\" stroke-linecap=\"round\" stroke-linejoin=\"round\"><\/path><path d=\"M18.5308 3.01147C20.3376 4.4819 22.6794 6.4459 24.6037 7.15279C22.8958 8.81099 19.9329 10.703 18.14 12.2082\" stroke=\"#FFC909\" stroke-width=\"3\" stroke-linecap=\"round\" stroke-linejoin=\"round\"><\/path><\/g><defs><clipPath id=\"clip0_485_466\"><rect width=\"28\" height=\"14\" fill=\"white\"><\/rect><\/clipPath><\/defs><\/svg>\t\t\t<\/span>\n\t\t\t\t\t\t\t\t\t<span class=\"elementor-button-text\">Preuzmi PDF<\/span>\n\t\t\t\t\t<\/span>\n\t\t\t\t\t<\/a>\n\t\t\t\t<\/div>\n\t\t\t\t\t\t\t\t<\/div>\n\t\t\t\t<\/div>\n\t\t\t\t<\/div>\n\t\t\t\t<\/div>\n\t\t<div class=\"elementor-element elementor-element-d594a04 e-con-full e-flex e-con e-child\" data-id=\"d594a04\" data-element_type=\"container\" data-e-type=\"container\" data-settings=\"{&quot;background_background&quot;:&quot;classic&quot;}\">\n\t\t\t\t<div class=\"elementor-element elementor-element-20bf44a elementor-widget elementor-widget-image\" data-id=\"20bf44a\" data-element_type=\"widget\" data-e-type=\"widget\" data-widget_type=\"image.default\">\n\t\t\t\t<div class=\"elementor-widget-container\">\n\t\t\t\t\t\t\t\t\t\t\t\t\t\t\t<img decoding=\"async\" width=\"104\" height=\"120\" src=\"https:\/\/www.widespreadschool.eu\/wp-content\/uploads\/2024\/06\/Layer_1.png\" class=\"attachment-large size-large wp-image-694\" alt=\"\" \/>\t\t\t\t\t\t\t\t\t\t\t\t\t\t\t<\/div>\n\t\t\t\t<\/div>\n\t\t<div class=\"elementor-element elementor-element-4e429d7 e-con-full e-flex e-con e-child\" data-id=\"4e429d7\" data-element_type=\"container\" data-e-type=\"container\">\n\t\t\t\t<div class=\"elementor-element elementor-element-d0d3837 elementor-widget__width-initial elementor-widget elementor-widget-heading\" data-id=\"d0d3837\" data-element_type=\"widget\" data-e-type=\"widget\" data-widget_type=\"heading.default\">\n\t\t\t\t<div class=\"elementor-widget-container\">\n\t\t\t\t\t<div class=\"elementor-heading-title elementor-size-default\">PREGLED LITERATURE<\/div>\t\t\t\t<\/div>\n\t\t\t\t<\/div>\n\t\t\t\t<div class=\"elementor-element elementor-element-b33bd25 elementor-widget elementor-widget-heading\" data-id=\"b33bd25\" data-element_type=\"widget\" data-e-type=\"widget\" data-widget_type=\"heading.default\">\n\t\t\t\t<div class=\"elementor-widget-container\">\n\t\t\t\t\t<div class=\"elementor-heading-title elementor-size-default\">Pregled literature<\/div>\t\t\t\t<\/div>\n\t\t\t\t<\/div>\n\t\t\t\t<div class=\"elementor-element elementor-element-b5508ba yellow_button elementor-widget elementor-widget-button\" data-id=\"b5508ba\" data-element_type=\"widget\" data-e-type=\"widget\" data-widget_type=\"button.default\">\n\t\t\t\t<div class=\"elementor-widget-container\">\n\t\t\t\t\t\t\t\t\t<div class=\"elementor-button-wrapper\">\n\t\t\t\t\t<a class=\"elementor-button elementor-button-link elementor-size-sm\" href=\"https:\/\/www.widespreadschool.eu\/wp-content\/uploads\/2024\/11\/EOtC_LiteratureREview2024.pdf\" target=\"_blank\">\n\t\t\t\t\t\t<span class=\"elementor-button-content-wrapper\">\n\t\t\t\t\t\t<span class=\"elementor-button-icon\">\n\t\t\t\t<svg xmlns=\"http:\/\/www.w3.org\/2000\/svg\" width=\"28\" height=\"14\" viewBox=\"0 0 28 14\" fill=\"none\"><g clip-path=\"url(#clip0_485_466)\"><path d=\"M3.20466 7.30421C9.20856 7.54764 16.2358 7.44665 23.97 7.7107\" stroke=\"#FFC909\" stroke-width=\"3\" stroke-linecap=\"round\" stroke-linejoin=\"round\"><\/path><path d=\"M18.5308 3.01147C20.3376 4.4819 22.6794 6.4459 24.6037 7.15279C22.8958 8.81099 19.9329 10.703 18.14 12.2082\" stroke=\"#FFC909\" stroke-width=\"3\" stroke-linecap=\"round\" stroke-linejoin=\"round\"><\/path><\/g><defs><clipPath id=\"clip0_485_466\"><rect width=\"28\" height=\"14\" fill=\"white\"><\/rect><\/clipPath><\/defs><\/svg>\t\t\t<\/span>\n\t\t\t\t\t\t\t\t\t<span class=\"elementor-button-text\">Preuzmi PDF<\/span>\n\t\t\t\t\t<\/span>\n\t\t\t\t\t<\/a>\n\t\t\t\t<\/div>\n\t\t\t\t\t\t\t\t<\/div>\n\t\t\t\t<\/div>\n\t\t\t\t<\/div>\n\t\t\t\t<\/div>\n\t\t<div class=\"elementor-element elementor-element-85831f6 e-con-full e-flex e-con e-child\" data-id=\"85831f6\" data-element_type=\"container\" data-e-type=\"container\" data-settings=\"{&quot;background_background&quot;:&quot;classic&quot;}\">\n\t\t\t\t<div class=\"elementor-element elementor-element-89c1cf4 elementor-widget elementor-widget-image\" data-id=\"89c1cf4\" data-element_type=\"widget\" data-e-type=\"widget\" data-widget_type=\"image.default\">\n\t\t\t\t<div class=\"elementor-widget-container\">\n\t\t\t\t\t\t\t\t\t\t\t\t\t\t\t<img decoding=\"async\" width=\"120\" height=\"104\" src=\"https:\/\/www.widespreadschool.eu\/wp-content\/uploads\/2024\/06\/Layer_1-2.png\" class=\"attachment-large size-large wp-image-688\" alt=\"\" \/>\t\t\t\t\t\t\t\t\t\t\t\t\t\t\t<\/div>\n\t\t\t\t<\/div>\n\t\t<div class=\"elementor-element elementor-element-fd27228 e-con-full e-flex e-con e-child\" data-id=\"fd27228\" data-element_type=\"container\" data-e-type=\"container\">\n\t\t\t\t<div class=\"elementor-element elementor-element-d06283b elementor-widget elementor-widget-heading\" data-id=\"d06283b\" data-element_type=\"widget\" data-e-type=\"widget\" data-widget_type=\"heading.default\">\n\t\t\t\t<div class=\"elementor-widget-container\">\n\t\t\t\t\t<div class=\"elementor-heading-title elementor-size-default\">GOOGLE ZA OBRAZOVANJE <\/div>\t\t\t\t<\/div>\n\t\t\t\t<\/div>\n\t\t\t\t<div class=\"elementor-element elementor-element-711dc65 elementor-widget elementor-widget-heading\" data-id=\"711dc65\" data-element_type=\"widget\" data-e-type=\"widget\" data-widget_type=\"heading.default\">\n\t\t\t\t<div class=\"elementor-widget-container\">\n\t\t\t\t\t<div class=\"elementor-heading-title elementor-size-default\">Materijali za u\u010denje dostupni na Google Drive-u<\/div>\t\t\t\t<\/div>\n\t\t\t\t<\/div>\n\t\t\t\t<div class=\"elementor-element elementor-element-5c6022d yellow_button elementor-widget elementor-widget-button\" data-id=\"5c6022d\" data-element_type=\"widget\" data-e-type=\"widget\" data-widget_type=\"button.default\">\n\t\t\t\t<div class=\"elementor-widget-container\">\n\t\t\t\t\t\t\t\t\t<div class=\"elementor-button-wrapper\">\n\t\t\t\t\t<a class=\"elementor-button elementor-button-link elementor-size-sm\" href=\"https:\/\/drive.google.com\/drive\/folders\/1O_fE0aTQFeTS9aA9tItnrJnIDjeu4nyo\" target=\"_blank\">\n\t\t\t\t\t\t<span class=\"elementor-button-content-wrapper\">\n\t\t\t\t\t\t<span class=\"elementor-button-icon\">\n\t\t\t\t<svg xmlns=\"http:\/\/www.w3.org\/2000\/svg\" width=\"28\" height=\"14\" viewBox=\"0 0 28 14\" fill=\"none\"><g clip-path=\"url(#clip0_485_466)\"><path d=\"M3.20466 7.30421C9.20856 7.54764 16.2358 7.44665 23.97 7.7107\" stroke=\"#FFC909\" stroke-width=\"3\" stroke-linecap=\"round\" stroke-linejoin=\"round\"><\/path><path d=\"M18.5308 3.01147C20.3376 4.4819 22.6794 6.4459 24.6037 7.15279C22.8958 8.81099 19.9329 10.703 18.14 12.2082\" stroke=\"#FFC909\" stroke-width=\"3\" stroke-linecap=\"round\" stroke-linejoin=\"round\"><\/path><\/g><defs><clipPath id=\"clip0_485_466\"><rect width=\"28\" height=\"14\" fill=\"white\"><\/rect><\/clipPath><\/defs><\/svg>\t\t\t<\/span>\n\t\t\t\t\t\t\t\t\t<span class=\"elementor-button-text\">Saznaj vi\u0161e<\/span>\n\t\t\t\t\t<\/span>\n\t\t\t\t\t<\/a>\n\t\t\t\t<\/div>\n\t\t\t\t\t\t\t\t<\/div>\n\t\t\t\t<\/div>\n\t\t\t\t<\/div>\n\t\t\t\t<\/div>\n\t\t\t\t\t<\/div>\n\t\t\t\t<\/div>\n\t\t\t\t<\/div>\n\t\t","protected":false},"excerpt":{"rendered":"<p>RESURSI KNJI\u017dICA Obrazovni vodi\u010d za u\u010ditelje Preuzmi PDF PREGLED LITERATURE Pregled literature Preuzmi PDF GOOGLE ZA OBRAZOVANJE Materijali za u\u010denje dostupni na Google Drive-u Saznaj vi\u0161e SCIENTIFICPAPERS Educational guide for teachers\u200b Download PDF TOOLBOX International training tools for teachers Download PDF<\/p>\n","protected":false},"author":1,"featured_media":0,"parent":0,"menu_order":0,"comment_status":"closed","ping_status":"closed","template":"","meta":{"_acf_changed":false,"footnotes":""},"class_list":["post-1111","page","type-page","status-publish","hentry"],"acf":[],"yoast_head":"<!-- This site is optimized with the Yoast SEO plugin v26.7 - https:\/\/yoast.com\/wordpress\/plugins\/seo\/ -->\n<title>Download Area - Educational Resources<\/title>\n<meta name=\"description\" content=\"Pristupite raznim obrazovnim resursima za nastavnike, uklju\u010duju\u0107i knji\u017eice, kutije s alatima, Drive materijale i znanstvene radove iz Widespread School.\" \/>\n<meta name=\"robots\" content=\"index, follow, max-snippet:-1, max-image-preview:large, max-video-preview:-1\" \/>\n<link rel=\"canonical\" href=\"https:\/\/www.widespreadschool.eu\/hr\/resursi\/\" \/>\n<meta property=\"og:locale\" content=\"hr_HR\" \/>\n<meta property=\"og:type\" content=\"article\" \/>\n<meta property=\"og:title\" content=\"Download Area - Educational Resources\" \/>\n<meta property=\"og:description\" content=\"Pristupite raznim obrazovnim resursima za nastavnike, uklju\u010duju\u0107i knji\u017eice, kutije s alatima, Drive materijale i znanstvene radove iz Widespread School.\" \/>\n<meta property=\"og:url\" content=\"https:\/\/www.widespreadschool.eu\/hr\/resursi\/\" \/>\n<meta property=\"og:site_name\" content=\"WIDESPREAD SCHOOL\" \/>\n<meta property=\"article:modified_time\" content=\"2025-03-11T11:17:49+00:00\" \/>\n<meta property=\"og:image\" content=\"https:\/\/www.widespreadschool.eu\/wp-content\/uploads\/2024\/06\/Layer_1.png\" \/>\n\t<meta property=\"og:image:width\" content=\"104\" \/>\n\t<meta property=\"og:image:height\" content=\"120\" \/>\n\t<meta property=\"og:image:type\" content=\"image\/png\" \/>\n<meta name=\"twitter:card\" content=\"summary_large_image\" \/>\n<script type=\"application\/ld+json\" class=\"yoast-schema-graph\">{\"@context\":\"https:\/\/schema.org\",\"@graph\":[{\"@type\":\"WebPage\",\"@id\":\"https:\/\/www.widespreadschool.eu\/hr\/resursi\/\",\"url\":\"https:\/\/www.widespreadschool.eu\/hr\/resursi\/\",\"name\":\"Download Area - Educational Resources\",\"isPartOf\":{\"@id\":\"https:\/\/www.widespreadschool.eu\/hr\/#website\"},\"primaryImageOfPage\":{\"@id\":\"https:\/\/www.widespreadschool.eu\/hr\/resursi\/#primaryimage\"},\"image\":{\"@id\":\"https:\/\/www.widespreadschool.eu\/hr\/resursi\/#primaryimage\"},\"thumbnailUrl\":\"https:\/\/www.widespreadschool.eu\/wp-content\/uploads\/2024\/06\/Layer_1.png\",\"datePublished\":\"2024-06-17T20:59:09+00:00\",\"dateModified\":\"2025-03-11T11:17:49+00:00\",\"description\":\"Pristupite raznim obrazovnim resursima za nastavnike, uklju\u010duju\u0107i knji\u017eice, kutije s alatima, Drive materijale i znanstvene radove iz Widespread School.\",\"breadcrumb\":{\"@id\":\"https:\/\/www.widespreadschool.eu\/hr\/resursi\/#breadcrumb\"},\"inLanguage\":\"hr\",\"potentialAction\":[{\"@type\":\"ReadAction\",\"target\":[\"https:\/\/www.widespreadschool.eu\/hr\/resursi\/\"]}]},{\"@type\":\"ImageObject\",\"inLanguage\":\"hr\",\"@id\":\"https:\/\/www.widespreadschool.eu\/hr\/resursi\/#primaryimage\",\"url\":\"https:\/\/www.widespreadschool.eu\/wp-content\/uploads\/2024\/06\/Layer_1.png\",\"contentUrl\":\"https:\/\/www.widespreadschool.eu\/wp-content\/uploads\/2024\/06\/Layer_1.png\"},{\"@type\":\"BreadcrumbList\",\"@id\":\"https:\/\/www.widespreadschool.eu\/hr\/resursi\/#breadcrumb\",\"itemListElement\":[{\"@type\":\"ListItem\",\"position\":1,\"name\":\"Home\",\"item\":\"https:\/\/www.widespreadschool.eu\/hr\/\"},{\"@type\":\"ListItem\",\"position\":2,\"name\":\"RESURSI\"}]},{\"@type\":\"WebSite\",\"@id\":\"https:\/\/www.widespreadschool.eu\/hr\/#website\",\"url\":\"https:\/\/www.widespreadschool.eu\/hr\/\",\"name\":\"WIDESPREAD SCHOOL\",\"description\":\"\",\"publisher\":{\"@id\":\"https:\/\/www.widespreadschool.eu\/hr\/#organization\"},\"potentialAction\":[{\"@type\":\"SearchAction\",\"target\":{\"@type\":\"EntryPoint\",\"urlTemplate\":\"https:\/\/www.widespreadschool.eu\/hr\/?s={search_term_string}\"},\"query-input\":{\"@type\":\"PropertyValueSpecification\",\"valueRequired\":true,\"valueName\":\"search_term_string\"}}],\"inLanguage\":\"hr\"},{\"@type\":\"Organization\",\"@id\":\"https:\/\/www.widespreadschool.eu\/hr\/#organization\",\"name\":\"WIDESPREAD SCHOOL\",\"url\":\"https:\/\/www.widespreadschool.eu\/hr\/\",\"logo\":{\"@type\":\"ImageObject\",\"inLanguage\":\"hr\",\"@id\":\"https:\/\/www.widespreadschool.eu\/hr\/#\/schema\/logo\/image\/\",\"url\":\"https:\/\/www.widespreadschool.eu\/wp-content\/uploads\/2024\/06\/widespread-logo.png\",\"contentUrl\":\"https:\/\/www.widespreadschool.eu\/wp-content\/uploads\/2024\/06\/widespread-logo.png\",\"width\":193,\"height\":70,\"caption\":\"WIDESPREAD SCHOOL\"},\"image\":{\"@id\":\"https:\/\/www.widespreadschool.eu\/hr\/#\/schema\/logo\/image\/\"}}]}<\/script>\n<!-- \/ Yoast SEO plugin. -->","yoast_head_json":{"title":"Download Area - Educational Resources","description":"Pristupite raznim obrazovnim resursima za nastavnike, uklju\u010duju\u0107i knji\u017eice, kutije s alatima, Drive materijale i znanstvene radove iz Widespread School.","robots":{"index":"index","follow":"follow","max-snippet":"max-snippet:-1","max-image-preview":"max-image-preview:large","max-video-preview":"max-video-preview:-1"},"canonical":"https:\/\/www.widespreadschool.eu\/hr\/resursi\/","og_locale":"hr_HR","og_type":"article","og_title":"Download Area - Educational Resources","og_description":"Pristupite raznim obrazovnim resursima za nastavnike, uklju\u010duju\u0107i knji\u017eice, kutije s alatima, Drive materijale i znanstvene radove iz Widespread School.","og_url":"https:\/\/www.widespreadschool.eu\/hr\/resursi\/","og_site_name":"WIDESPREAD SCHOOL","article_modified_time":"2025-03-11T11:17:49+00:00","og_image":[{"width":104,"height":120,"url":"https:\/\/www.widespreadschool.eu\/wp-content\/uploads\/2024\/06\/Layer_1.png","type":"image\/png"}],"twitter_card":"summary_large_image","schema":{"@context":"https:\/\/schema.org","@graph":[{"@type":"WebPage","@id":"https:\/\/www.widespreadschool.eu\/hr\/resursi\/","url":"https:\/\/www.widespreadschool.eu\/hr\/resursi\/","name":"Download Area - Educational Resources","isPartOf":{"@id":"https:\/\/www.widespreadschool.eu\/hr\/#website"},"primaryImageOfPage":{"@id":"https:\/\/www.widespreadschool.eu\/hr\/resursi\/#primaryimage"},"image":{"@id":"https:\/\/www.widespreadschool.eu\/hr\/resursi\/#primaryimage"},"thumbnailUrl":"https:\/\/www.widespreadschool.eu\/wp-content\/uploads\/2024\/06\/Layer_1.png","datePublished":"2024-06-17T20:59:09+00:00","dateModified":"2025-03-11T11:17:49+00:00","description":"Pristupite raznim obrazovnim resursima za nastavnike, uklju\u010duju\u0107i knji\u017eice, kutije s alatima, Drive materijale i znanstvene radove iz Widespread School.","breadcrumb":{"@id":"https:\/\/www.widespreadschool.eu\/hr\/resursi\/#breadcrumb"},"inLanguage":"hr","potentialAction":[{"@type":"ReadAction","target":["https:\/\/www.widespreadschool.eu\/hr\/resursi\/"]}]},{"@type":"ImageObject","inLanguage":"hr","@id":"https:\/\/www.widespreadschool.eu\/hr\/resursi\/#primaryimage","url":"https:\/\/www.widespreadschool.eu\/wp-content\/uploads\/2024\/06\/Layer_1.png","contentUrl":"https:\/\/www.widespreadschool.eu\/wp-content\/uploads\/2024\/06\/Layer_1.png"},{"@type":"BreadcrumbList","@id":"https:\/\/www.widespreadschool.eu\/hr\/resursi\/#breadcrumb","itemListElement":[{"@type":"ListItem","position":1,"name":"Home","item":"https:\/\/www.widespreadschool.eu\/hr\/"},{"@type":"ListItem","position":2,"name":"RESURSI"}]},{"@type":"WebSite","@id":"https:\/\/www.widespreadschool.eu\/hr\/#website","url":"https:\/\/www.widespreadschool.eu\/hr\/","name":"WIDESPREAD SCHOOL","description":"","publisher":{"@id":"https:\/\/www.widespreadschool.eu\/hr\/#organization"},"potentialAction":[{"@type":"SearchAction","target":{"@type":"EntryPoint","urlTemplate":"https:\/\/www.widespreadschool.eu\/hr\/?s={search_term_string}"},"query-input":{"@type":"PropertyValueSpecification","valueRequired":true,"valueName":"search_term_string"}}],"inLanguage":"hr"},{"@type":"Organization","@id":"https:\/\/www.widespreadschool.eu\/hr\/#organization","name":"WIDESPREAD SCHOOL","url":"https:\/\/www.widespreadschool.eu\/hr\/","logo":{"@type":"ImageObject","inLanguage":"hr","@id":"https:\/\/www.widespreadschool.eu\/hr\/#\/schema\/logo\/image\/","url":"https:\/\/www.widespreadschool.eu\/wp-content\/uploads\/2024\/06\/widespread-logo.png","contentUrl":"https:\/\/www.widespreadschool.eu\/wp-content\/uploads\/2024\/06\/widespread-logo.png","width":193,"height":70,"caption":"WIDESPREAD SCHOOL"},"image":{"@id":"https:\/\/www.widespreadschool.eu\/hr\/#\/schema\/logo\/image\/"}}]}},"_links":{"self":[{"href":"https:\/\/www.widespreadschool.eu\/hr\/wp-json\/wp\/v2\/pages\/1111","targetHints":{"allow":["GET"]}}],"collection":[{"href":"https:\/\/www.widespreadschool.eu\/hr\/wp-json\/wp\/v2\/pages"}],"about":[{"href":"https:\/\/www.widespreadschool.eu\/hr\/wp-json\/wp\/v2\/types\/page"}],"author":[{"embeddable":true,"href":"https:\/\/www.widespreadschool.eu\/hr\/wp-json\/wp\/v2\/users\/1"}],"replies":[{"embeddable":true,"href":"https:\/\/www.widespreadschool.eu\/hr\/wp-json\/wp\/v2\/comments?post=1111"}],"version-history":[{"count":1,"href":"https:\/\/www.widespreadschool.eu\/hr\/wp-json\/wp\/v2\/pages\/1111\/revisions"}],"predecessor-version":[{"id":1112,"href":"https:\/\/www.widespreadschool.eu\/hr\/wp-json\/wp\/v2\/pages\/1111\/revisions\/1112"}],"wp:attachment":[{"href":"https:\/\/www.widespreadschool.eu\/hr\/wp-json\/wp\/v2\/media?parent=1111"}],"curies":[{"name":"wp","href":"https:\/\/api.w.org\/{rel}","templated":true}]}}