{"id":15,"date":"2024-06-17T22:58:05","date_gmt":"2024-06-17T20:58:05","guid":{"rendered":"https:\/\/www.widespreadschool.eu\/?page_id=15"},"modified":"2025-03-11T17:31:02","modified_gmt":"2025-03-11T16:31:02","slug":"project","status":"publish","type":"page","link":"https:\/\/www.widespreadschool.eu\/it\/project\/","title":{"rendered":"Progetto"},"content":{"rendered":"\t\t<div data-elementor-type=\"wp-page\" data-elementor-id=\"15\" class=\"elementor elementor-15\" data-elementor-post-type=\"page\">\n\t\t\t\t<div class=\"elementor-element elementor-element-838eeff e-con-full e-flex e-con e-parent\" data-id=\"838eeff\" data-element_type=\"container\" data-e-type=\"container\" data-settings=\"{&quot;background_background&quot;:&quot;classic&quot;}\">\n\t\t<div class=\"elementor-element elementor-element-4cff412 e-con-full e-flex e-con e-child\" data-id=\"4cff412\" data-element_type=\"container\" data-e-type=\"container\" data-settings=\"{&quot;background_background&quot;:&quot;classic&quot;}\">\n\t\t\t\t<\/div>\n\t\t<div class=\"elementor-element elementor-element-d837462 e-flex e-con-boxed e-con e-child\" data-id=\"d837462\" data-element_type=\"container\" data-e-type=\"container\">\n\t\t\t\t\t<div class=\"e-con-inner\">\n\t\t\t\t<div class=\"elementor-element elementor-element-e37efee elementor-widget elementor-widget-heading\" data-id=\"e37efee\" data-element_type=\"widget\" data-e-type=\"widget\" data-widget_type=\"heading.default\">\n\t\t\t\t<div class=\"elementor-widget-container\">\n\t\t\t\t\t<h1 class=\"elementor-heading-title elementor-size-default\">IL PROGETTO<\/h1>\t\t\t\t<\/div>\n\t\t\t\t<\/div>\n\t\t\t\t\t<\/div>\n\t\t\t\t<\/div>\n\t\t\t\t<\/div>\n\t\t<div class=\"elementor-element elementor-element-a8917b5 e-flex e-con-boxed e-con e-parent\" data-id=\"a8917b5\" data-element_type=\"container\" data-e-type=\"container\" data-settings=\"{&quot;background_background&quot;:&quot;classic&quot;}\">\n\t\t\t\t\t<div class=\"e-con-inner\">\n\t\t<div class=\"elementor-element elementor-element-79a62c1 e-con-full e-flex e-con e-child\" data-id=\"79a62c1\" data-element_type=\"container\" data-e-type=\"container\">\n\t\t\t\t<div class=\"elementor-element elementor-element-6fd80ff elementor-widget elementor-widget-heading\" data-id=\"6fd80ff\" data-element_type=\"widget\" data-e-type=\"widget\" data-widget_type=\"heading.default\">\n\t\t\t\t<div class=\"elementor-widget-container\">\n\t\t\t\t\t<h2 class=\"elementor-heading-title elementor-size-default\">Widespread School<\/h2>\t\t\t\t<\/div>\n\t\t\t\t<\/div>\n\t\t\t\t<div class=\"elementor-element elementor-element-847358e elementor-widget elementor-widget-heading\" data-id=\"847358e\" data-element_type=\"widget\" data-e-type=\"widget\" data-widget_type=\"heading.default\">\n\t\t\t\t<div class=\"elementor-widget-container\">\n\t\t\t\t\t<div class=\"elementor-heading-title elementor-size-default\">Cos\u2019\u00e8 l\u2019EDUCAZIONE DIFFUSA?<\/div>\t\t\t\t<\/div>\n\t\t\t\t<\/div>\n\t\t\t\t<\/div>\n\t\t<div class=\"elementor-element elementor-element-5ce26b1 e-con-full elementor-hidden-mobile e-flex e-con e-child\" data-id=\"5ce26b1\" data-element_type=\"container\" data-e-type=\"container\">\n\t\t\t\t<\/div>\n\t\t\t\t\t<\/div>\n\t\t\t\t<\/div>\n\t\t<div class=\"elementor-element elementor-element-71f61eb e-flex e-con-boxed e-con e-parent\" data-id=\"71f61eb\" data-element_type=\"container\" data-e-type=\"container\" data-settings=\"{&quot;background_background&quot;:&quot;classic&quot;}\">\n\t\t\t\t\t<div class=\"e-con-inner\">\n\t\t\t\t<div class=\"elementor-element elementor-element-ad5a7b4 elementor-widget elementor-widget-text-editor\" data-id=\"ad5a7b4\" data-element_type=\"widget\" data-e-type=\"widget\" data-widget_type=\"text-editor.default\">\n\t\t\t\t<div class=\"elementor-widget-container\">\n\t\t\t\t\t\t\t\t\t<p>\u00c8 un progetto europeo finanziato dal programma Erasmus+ \u2013 Azione KA220. Guidato dal Comune di Reggio Emilia in Italia, coinvolge sette partner con competenze diverse nel settore scolastico ed educativo.<\/p><p>Tre partner dall\u2019Italia: Comune di Reggio Emilia, Fondazione Reggio Children e Universit\u00e0 di Modena e Reggio Emilia; un partner dalla Croazia: Citt\u00e0 di Zara; un partner dalla Finlandia: Scuola Saunalahti; due partner dalla Spagna: Scuola Carme Auguet e Universit\u00e0 di Girona.<\/p><p>Questo progetto nasce dall\u2019esperienza della \u201cScuola Diffusa\u201d, sviluppata a Reggio Emilia durante la pandemia di Covid-19 come soluzione d\u2019emergenza per favorire la ripresa dell\u2019insegnamento in presenza durante la crisi sanitaria. Ispirandosi all\u2019esperienza della Scuola Diffusa, il progetto mira a rivoluzionare i metodi di insegnamento andando oltre le aule tradizionali, promuovendo l\u2019integrazione dell\u2019approccio \u201cEducazione Fuori dall\u2019Aula\u201d (Education Outside the Classroom &#8211; EOC) nei contesti educativi dei partner, considerando le comunit\u00e0 come risorse educative di valore e arricchendo i sistemi scolastici. Gli obiettivi principali includono il miglioramento della qualit\u00e0 dell\u2019istruzione primaria e secondaria inferiore, il rafforzamento delle competenze degli insegnanti e un impatto positivo sugli studenti, favorendo competenze chiave come il pensiero critico e la creativit\u00e0<\/p>\t\t\t\t\t\t\t\t<\/div>\n\t\t\t\t<\/div>\n\t\t\t\t\t<\/div>\n\t\t\t\t<\/div>\n\t\t<div class=\"elementor-element elementor-element-21cf891 e-flex e-con-boxed e-con e-parent\" data-id=\"21cf891\" data-element_type=\"container\" data-e-type=\"container\" data-settings=\"{&quot;background_background&quot;:&quot;classic&quot;}\">\n\t\t\t\t\t<div class=\"e-con-inner\">\n\t\t\t\t<div class=\"elementor-element elementor-element-d276032 elementor-widget__width-auto elementor-absolute elementor-widget elementor-widget-image\" data-id=\"d276032\" data-element_type=\"widget\" data-e-type=\"widget\" data-settings=\"{&quot;_position&quot;:&quot;absolute&quot;}\" data-widget_type=\"image.default\">\n\t\t\t\t<div class=\"elementor-widget-container\">\n\t\t\t\t\t\t\t\t\t\t\t\t\t\t\t<img fetchpriority=\"high\" decoding=\"async\" width=\"138\" height=\"502\" src=\"https:\/\/www.widespreadschool.eu\/wp-content\/uploads\/2024\/06\/Isolation_Mode-2.png\" class=\"attachment-large size-large wp-image-317\" alt=\"\" \/>\t\t\t\t\t\t\t\t\t\t\t\t\t\t\t<\/div>\n\t\t\t\t<\/div>\n\t\t\t\t<div class=\"elementor-element elementor-element-c030381 elementor-widget elementor-widget-image\" data-id=\"c030381\" data-element_type=\"widget\" data-e-type=\"widget\" data-widget_type=\"image.default\">\n\t\t\t\t<div class=\"elementor-widget-container\">\n\t\t\t\t\t\t\t\t\t\t\t\t\t\t\t<img decoding=\"async\" width=\"1197\" height=\"373\" src=\"https:\/\/www.widespreadschool.eu\/wp-content\/uploads\/2024\/06\/shutterstock_559448341-1.jpg\" class=\"attachment-full size-full wp-image-157\" alt=\"\" srcset=\"https:\/\/www.widespreadschool.eu\/wp-content\/uploads\/2024\/06\/shutterstock_559448341-1.jpg 1197w, https:\/\/www.widespreadschool.eu\/wp-content\/uploads\/2024\/06\/shutterstock_559448341-1-300x93.jpg 300w, https:\/\/www.widespreadschool.eu\/wp-content\/uploads\/2024\/06\/shutterstock_559448341-1-1024x319.jpg 1024w, https:\/\/www.widespreadschool.eu\/wp-content\/uploads\/2024\/06\/shutterstock_559448341-1-768x239.jpg 768w\" sizes=\"(max-width: 1197px) 100vw, 1197px\" \/>\t\t\t\t\t\t\t\t\t\t\t\t\t\t\t<\/div>\n\t\t\t\t<\/div>\n\t\t\t\t\t<\/div>\n\t\t\t\t<\/div>\n\t\t<div class=\"elementor-element elementor-element-86190b9 e-flex e-con-boxed e-con e-parent\" data-id=\"86190b9\" data-element_type=\"container\" data-e-type=\"container\" data-settings=\"{&quot;background_background&quot;:&quot;classic&quot;}\">\n\t\t\t\t\t<div class=\"e-con-inner\">\n\t\t\t\t<div class=\"elementor-element elementor-element-4f20b37 elementor-widget elementor-widget-heading\" data-id=\"4f20b37\" data-element_type=\"widget\" data-e-type=\"widget\" data-widget_type=\"heading.default\">\n\t\t\t\t<div class=\"elementor-widget-container\">\n\t\t\t\t\t<h2 class=\"elementor-heading-title elementor-size-default\">Cos\u2019\u00e8 l\u2019EDUCAZIONE DIFFUSA?<\/h2>\t\t\t\t<\/div>\n\t\t\t\t<\/div>\n\t\t\t\t<div class=\"elementor-element elementor-element-1a99b39 elementor-widget elementor-widget-text-editor\" data-id=\"1a99b39\" data-element_type=\"widget\" data-e-type=\"widget\" data-widget_type=\"text-editor.default\">\n\t\t\t\t<div class=\"elementor-widget-container\">\n\t\t\t\t\t\t\t\t\t<p>\u00c8 un approccio pedagogico che coinvolge le scuole primarie e secondarie nello sviluppo di obiettivi curriculari in collaborazione con altre organizzazioni e attori al di fuori della scuola. Questo approccio si concentra su temi e domande contestualizzati, reali e autentici, rilevanti per gli studenti e le comunit\u00e0. Attraverso la co-ricerca, la co-progettazione e la co-docenza, crea un ponte tra ambienti di apprendimento formali, non formali e informali, collegando le esperienze educative dentro e fuori la scuola.<\/p>\t\t\t\t\t\t\t\t<\/div>\n\t\t\t\t<\/div>\n\t\t\t\t<div class=\"elementor-element elementor-element-1266f76 elementor-widget elementor-widget-heading\" data-id=\"1266f76\" data-element_type=\"widget\" data-e-type=\"widget\" data-widget_type=\"heading.default\">\n\t\t\t\t<div class=\"elementor-widget-container\">\n\t\t\t\t\t<h3 class=\"elementor-heading-title elementor-size-default\">L\u2019Educazione Diffusa (Widespread School) si caratterizza per:<\/h3>\t\t\t\t<\/div>\n\t\t\t\t<\/div>\n\t\t\t\t<div class=\"elementor-element elementor-element-190fd80 elementor-widget elementor-widget-text-editor\" data-id=\"190fd80\" data-element_type=\"widget\" data-e-type=\"widget\" data-widget_type=\"text-editor.default\">\n\t\t\t\t<div class=\"elementor-widget-container\">\n\t\t\t\t\t\t\t\t\t<ul><li>Visite all\u2019aperto non sporadiche, ma che si svolgono su pi\u00f9 giorni (minimo una settimana).<\/li><li>Collaborazione sostenuta nel tempo tra agenti formali, non formali e\/o informali.<\/li><li>L\u2019ambiente di apprendimento \u00e8 considerato una \u201criserva di conoscenza e identit\u00e0 della comunit\u00e0\u201d, ovvero una \u201cbase contestualizzata\u201d per estendere e collegare le pratiche scolastiche e rafforzare identit\u00e0 condivise e collettive.<\/li><li>La pianificazione dell\u2019ambiente di apprendimento \u00e8 parte integrante della co-progettazione didattica.<\/li><li>Gli obiettivi di apprendimento vengono scelti tenendo conto sia delle esigenze curriculari, degli interessi, delle motivazioni e delle domande degli studenti, sia del potenziale offerto dallo spazio e dalle competenze degli agenti coinvolti.<\/li><li>Molteplici attori co-progettano e partecipano attivamente all\u2019azione didattica per sostenere l\u2019apprendimento attivo degli studenti.<\/li><li>Gli studenti diventano co-ricercatori di temi e domande rilevanti per loro e per le comunit\u00e0.<\/li><li>\u00c8 previsto un certo grado di coinvolgimento e supporto da parte del governo locale (ad esempio, il Comune).<\/li><\/ul>\t\t\t\t\t\t\t\t<\/div>\n\t\t\t\t<\/div>\n\t\t\t\t\t<\/div>\n\t\t\t\t<\/div>\n\t\t\t\t<\/div>\n\t\t","protected":false},"excerpt":{"rendered":"<p>IL PROGETTO Widespread School Cos\u2019\u00e8 l\u2019EDUCAZIONE DIFFUSA? \u00c8 un progetto europeo finanziato dal programma Erasmus+ \u2013 Azione KA220. Guidato dal Comune di Reggio Emilia in Italia, coinvolge sette partner con competenze diverse nel settore scolastico ed educativo. Tre partner dall\u2019Italia: Comune di Reggio Emilia, Fondazione Reggio Children e Universit\u00e0 di Modena e Reggio Emilia; un [&hellip;]<\/p>\n","protected":false},"author":1,"featured_media":0,"parent":0,"menu_order":0,"comment_status":"closed","ping_status":"closed","template":"","meta":{"_acf_changed":false,"footnotes":""},"class_list":["post-15","page","type-page","status-publish","hentry"],"acf":[],"yoast_head":"<!-- This site is optimized with the Yoast SEO plugin v26.7 - https:\/\/yoast.com\/wordpress\/plugins\/seo\/ -->\n<title>The Project - Widespread School&#039;s Innovative Teaching Approaches<\/title>\n<meta name=\"description\" content=\"Discover Widespread School, an Erasmus+ project by Reggio Emilia, enhancing education through innovative teaching methods and community-based learning.\" \/>\n<meta name=\"robots\" content=\"index, follow, max-snippet:-1, max-image-preview:large, max-video-preview:-1\" \/>\n<link rel=\"canonical\" href=\"https:\/\/www.widespreadschool.eu\/it\/project\/\" \/>\n<meta property=\"og:locale\" content=\"it_IT\" \/>\n<meta property=\"og:type\" content=\"article\" \/>\n<meta property=\"og:title\" content=\"The Project - Widespread School&#039;s Innovative Teaching Approaches\" \/>\n<meta property=\"og:description\" content=\"Discover Widespread School, an Erasmus+ project by Reggio Emilia, enhancing education through innovative teaching methods and community-based learning.\" \/>\n<meta property=\"og:url\" content=\"https:\/\/www.widespreadschool.eu\/it\/project\/\" \/>\n<meta property=\"og:site_name\" content=\"WIDESPREAD SCHOOL\" \/>\n<meta property=\"article:modified_time\" content=\"2025-03-11T16:31:02+00:00\" \/>\n<meta property=\"og:image\" content=\"https:\/\/www.widespreadschool.eu\/wp-content\/uploads\/2024\/06\/Isolation_Mode-2.png\" \/>\n\t<meta property=\"og:image:width\" content=\"138\" \/>\n\t<meta property=\"og:image:height\" content=\"502\" \/>\n\t<meta property=\"og:image:type\" content=\"image\/png\" \/>\n<meta name=\"twitter:card\" content=\"summary_large_image\" \/>\n<meta name=\"twitter:label1\" content=\"Tempo di lettura stimato\" \/>\n\t<meta name=\"twitter:data1\" content=\"3 minuti\" \/>\n<script type=\"application\/ld+json\" class=\"yoast-schema-graph\">{\"@context\":\"https:\/\/schema.org\",\"@graph\":[{\"@type\":\"WebPage\",\"@id\":\"https:\/\/www.widespreadschool.eu\/it\/project\/\",\"url\":\"https:\/\/www.widespreadschool.eu\/it\/project\/\",\"name\":\"The Project - Widespread School's Innovative Teaching Approaches\",\"isPartOf\":{\"@id\":\"https:\/\/www.widespreadschool.eu\/it\/#website\"},\"primaryImageOfPage\":{\"@id\":\"https:\/\/www.widespreadschool.eu\/it\/project\/#primaryimage\"},\"image\":{\"@id\":\"https:\/\/www.widespreadschool.eu\/it\/project\/#primaryimage\"},\"thumbnailUrl\":\"https:\/\/www.widespreadschool.eu\/wp-content\/uploads\/2024\/06\/Isolation_Mode-2.png\",\"datePublished\":\"2024-06-17T20:58:05+00:00\",\"dateModified\":\"2025-03-11T16:31:02+00:00\",\"description\":\"Discover Widespread School, an Erasmus+ project by Reggio Emilia, enhancing education through innovative teaching methods and community-based learning.\",\"breadcrumb\":{\"@id\":\"https:\/\/www.widespreadschool.eu\/it\/project\/#breadcrumb\"},\"inLanguage\":\"it-IT\",\"potentialAction\":[{\"@type\":\"ReadAction\",\"target\":[\"https:\/\/www.widespreadschool.eu\/it\/project\/\"]}]},{\"@type\":\"ImageObject\",\"inLanguage\":\"it-IT\",\"@id\":\"https:\/\/www.widespreadschool.eu\/it\/project\/#primaryimage\",\"url\":\"https:\/\/www.widespreadschool.eu\/wp-content\/uploads\/2024\/06\/Isolation_Mode-2.png\",\"contentUrl\":\"https:\/\/www.widespreadschool.eu\/wp-content\/uploads\/2024\/06\/Isolation_Mode-2.png\"},{\"@type\":\"BreadcrumbList\",\"@id\":\"https:\/\/www.widespreadschool.eu\/it\/project\/#breadcrumb\",\"itemListElement\":[{\"@type\":\"ListItem\",\"position\":1,\"name\":\"Home\",\"item\":\"https:\/\/www.widespreadschool.eu\/it\/\"},{\"@type\":\"ListItem\",\"position\":2,\"name\":\"Progetto\"}]},{\"@type\":\"WebSite\",\"@id\":\"https:\/\/www.widespreadschool.eu\/it\/#website\",\"url\":\"https:\/\/www.widespreadschool.eu\/it\/\",\"name\":\"WIDESPREAD SCHOOL\",\"description\":\"\",\"publisher\":{\"@id\":\"https:\/\/www.widespreadschool.eu\/it\/#organization\"},\"potentialAction\":[{\"@type\":\"SearchAction\",\"target\":{\"@type\":\"EntryPoint\",\"urlTemplate\":\"https:\/\/www.widespreadschool.eu\/it\/?s={search_term_string}\"},\"query-input\":{\"@type\":\"PropertyValueSpecification\",\"valueRequired\":true,\"valueName\":\"search_term_string\"}}],\"inLanguage\":\"it-IT\"},{\"@type\":\"Organization\",\"@id\":\"https:\/\/www.widespreadschool.eu\/it\/#organization\",\"name\":\"WIDESPREAD SCHOOL\",\"url\":\"https:\/\/www.widespreadschool.eu\/it\/\",\"logo\":{\"@type\":\"ImageObject\",\"inLanguage\":\"it-IT\",\"@id\":\"https:\/\/www.widespreadschool.eu\/it\/#\/schema\/logo\/image\/\",\"url\":\"https:\/\/www.widespreadschool.eu\/wp-content\/uploads\/2024\/06\/widespread-logo.png\",\"contentUrl\":\"https:\/\/www.widespreadschool.eu\/wp-content\/uploads\/2024\/06\/widespread-logo.png\",\"width\":193,\"height\":70,\"caption\":\"WIDESPREAD SCHOOL\"},\"image\":{\"@id\":\"https:\/\/www.widespreadschool.eu\/it\/#\/schema\/logo\/image\/\"}}]}<\/script>\n<!-- \/ Yoast SEO plugin. -->","yoast_head_json":{"title":"The Project - Widespread School's Innovative Teaching Approaches","description":"Discover Widespread School, an Erasmus+ project by Reggio Emilia, enhancing education through innovative teaching methods and community-based learning.","robots":{"index":"index","follow":"follow","max-snippet":"max-snippet:-1","max-image-preview":"max-image-preview:large","max-video-preview":"max-video-preview:-1"},"canonical":"https:\/\/www.widespreadschool.eu\/it\/project\/","og_locale":"it_IT","og_type":"article","og_title":"The Project - Widespread School's Innovative Teaching Approaches","og_description":"Discover Widespread School, an Erasmus+ project by Reggio Emilia, enhancing education through innovative teaching methods and community-based learning.","og_url":"https:\/\/www.widespreadschool.eu\/it\/project\/","og_site_name":"WIDESPREAD SCHOOL","article_modified_time":"2025-03-11T16:31:02+00:00","og_image":[{"width":138,"height":502,"url":"https:\/\/www.widespreadschool.eu\/wp-content\/uploads\/2024\/06\/Isolation_Mode-2.png","type":"image\/png"}],"twitter_card":"summary_large_image","twitter_misc":{"Tempo di lettura stimato":"3 minuti"},"schema":{"@context":"https:\/\/schema.org","@graph":[{"@type":"WebPage","@id":"https:\/\/www.widespreadschool.eu\/it\/project\/","url":"https:\/\/www.widespreadschool.eu\/it\/project\/","name":"The Project - Widespread School's Innovative Teaching Approaches","isPartOf":{"@id":"https:\/\/www.widespreadschool.eu\/it\/#website"},"primaryImageOfPage":{"@id":"https:\/\/www.widespreadschool.eu\/it\/project\/#primaryimage"},"image":{"@id":"https:\/\/www.widespreadschool.eu\/it\/project\/#primaryimage"},"thumbnailUrl":"https:\/\/www.widespreadschool.eu\/wp-content\/uploads\/2024\/06\/Isolation_Mode-2.png","datePublished":"2024-06-17T20:58:05+00:00","dateModified":"2025-03-11T16:31:02+00:00","description":"Discover Widespread School, an Erasmus+ project by Reggio Emilia, enhancing education through innovative teaching methods and community-based learning.","breadcrumb":{"@id":"https:\/\/www.widespreadschool.eu\/it\/project\/#breadcrumb"},"inLanguage":"it-IT","potentialAction":[{"@type":"ReadAction","target":["https:\/\/www.widespreadschool.eu\/it\/project\/"]}]},{"@type":"ImageObject","inLanguage":"it-IT","@id":"https:\/\/www.widespreadschool.eu\/it\/project\/#primaryimage","url":"https:\/\/www.widespreadschool.eu\/wp-content\/uploads\/2024\/06\/Isolation_Mode-2.png","contentUrl":"https:\/\/www.widespreadschool.eu\/wp-content\/uploads\/2024\/06\/Isolation_Mode-2.png"},{"@type":"BreadcrumbList","@id":"https:\/\/www.widespreadschool.eu\/it\/project\/#breadcrumb","itemListElement":[{"@type":"ListItem","position":1,"name":"Home","item":"https:\/\/www.widespreadschool.eu\/it\/"},{"@type":"ListItem","position":2,"name":"Progetto"}]},{"@type":"WebSite","@id":"https:\/\/www.widespreadschool.eu\/it\/#website","url":"https:\/\/www.widespreadschool.eu\/it\/","name":"WIDESPREAD SCHOOL","description":"","publisher":{"@id":"https:\/\/www.widespreadschool.eu\/it\/#organization"},"potentialAction":[{"@type":"SearchAction","target":{"@type":"EntryPoint","urlTemplate":"https:\/\/www.widespreadschool.eu\/it\/?s={search_term_string}"},"query-input":{"@type":"PropertyValueSpecification","valueRequired":true,"valueName":"search_term_string"}}],"inLanguage":"it-IT"},{"@type":"Organization","@id":"https:\/\/www.widespreadschool.eu\/it\/#organization","name":"WIDESPREAD SCHOOL","url":"https:\/\/www.widespreadschool.eu\/it\/","logo":{"@type":"ImageObject","inLanguage":"it-IT","@id":"https:\/\/www.widespreadschool.eu\/it\/#\/schema\/logo\/image\/","url":"https:\/\/www.widespreadschool.eu\/wp-content\/uploads\/2024\/06\/widespread-logo.png","contentUrl":"https:\/\/www.widespreadschool.eu\/wp-content\/uploads\/2024\/06\/widespread-logo.png","width":193,"height":70,"caption":"WIDESPREAD SCHOOL"},"image":{"@id":"https:\/\/www.widespreadschool.eu\/it\/#\/schema\/logo\/image\/"}}]}},"_links":{"self":[{"href":"https:\/\/www.widespreadschool.eu\/it\/wp-json\/wp\/v2\/pages\/15","targetHints":{"allow":["GET"]}}],"collection":[{"href":"https:\/\/www.widespreadschool.eu\/it\/wp-json\/wp\/v2\/pages"}],"about":[{"href":"https:\/\/www.widespreadschool.eu\/it\/wp-json\/wp\/v2\/types\/page"}],"author":[{"embeddable":true,"href":"https:\/\/www.widespreadschool.eu\/it\/wp-json\/wp\/v2\/users\/1"}],"replies":[{"embeddable":true,"href":"https:\/\/www.widespreadschool.eu\/it\/wp-json\/wp\/v2\/comments?post=15"}],"version-history":[{"count":46,"href":"https:\/\/www.widespreadschool.eu\/it\/wp-json\/wp\/v2\/pages\/15\/revisions"}],"predecessor-version":[{"id":1282,"href":"https:\/\/www.widespreadschool.eu\/it\/wp-json\/wp\/v2\/pages\/15\/revisions\/1282"}],"wp:attachment":[{"href":"https:\/\/www.widespreadschool.eu\/it\/wp-json\/wp\/v2\/media?parent=15"}],"curies":[{"name":"wp","href":"https:\/\/api.w.org\/{rel}","templated":true}]}}